{"id":2459,"date":"2022-08-15T01:26:38","date_gmt":"2022-08-15T01:26:38","guid":{"rendered":"https:\/\/svendesign.hr\/?page_id=2459"},"modified":"2022-08-19T13:52:57","modified_gmt":"2022-08-19T13:52:57","slug":"dizajn-interijera","status":"publish","type":"page","link":"https:\/\/svendesign.hr\/en\/dizajn-interijera\/","title":{"rendered":"Interior design"},"content":{"rendered":"<div data-elementor-type=\"wp-page\" data-elementor-id=\"2459\" data-post-id=\"2459\" data-obj-id=\"2459\" class=\"elementor elementor-2459 dce-elementor-post-2459\">\n\t\t\t\t\t\t\t\t\t<section data-dce-background-color=\"#282828\" class=\"elementor-section elementor-top-section elementor-element elementor-element-be1bb33 elementor-section-full_width elementor-section-height-min-height elementor-section-height-default elementor-section-items-middle\" data-id=\"be1bb33\" data-element_type=\"section\" data-settings=\"{&quot;background_background&quot;:&quot;classic&quot;}\">\n\t\t\t\t\t\t<div class=\"elementor-container elementor-column-gap-no\">\n\t\t\t\t\t<div class=\"elementor-column elementor-col-100 elementor-top-column elementor-element elementor-element-2436926\" data-id=\"2436926\" data-element_type=\"column\">\n\t\t\t<div class=\"elementor-widget-wrap\">\n\t\t\t\t\t\t\t\t\t<\/div>\n\t\t<\/div>\n\t\t\t\t\t\t\t<\/div>\n\t\t<\/section>\n\t\t\t\t<section data-dce-background-color=\"#282828\" class=\"elementor-section elementor-top-section elementor-element elementor-element-bf77846 elementor-section-full_width elementor-section-stretched elementor-section-height-default elementor-section-height-default\" data-id=\"bf77846\" data-element_type=\"section\" data-settings=\"{&quot;stretch_section&quot;:&quot;section-stretched&quot;,&quot;background_background&quot;:&quot;classic&quot;}\">\n\t\t\t\t\t\t<div class=\"elementor-container elementor-column-gap-no\">\n\t\t\t\t\t<div data-dce-background-image-url=\"https:\/\/svendesign.hr\/wp-content\/uploads\/2022\/08\/jeff-sheldon-8z2Q6XWLYa4-unsplash-scaled.jpg\" class=\"elementor-column elementor-col-50 elementor-top-column elementor-element elementor-element-c79d904 elementor-hidden-tablet elementor-hidden-mobile\" data-id=\"c79d904\" data-element_type=\"column\" data-settings=\"{&quot;background_background&quot;:&quot;classic&quot;}\">\n\t\t\t<div class=\"elementor-widget-wrap\">\n\t\t\t\t\t\t\t\t\t<\/div>\n\t\t<\/div>\n\t\t\t\t<div data-dce-background-color=\"#313131\" data-dce-background-overlay-color=\"#313131\" data-dce-background-overlay-image-url=\"https:\/\/svendesign.hr\/wp-content\/uploads\/2022\/08\/sergey-zolkin-m9qMoh-scfE-unsplash-scaled.jpg\" class=\"elementor-column elementor-col-50 elementor-top-column elementor-element elementor-element-6585523\" data-id=\"6585523\" data-element_type=\"column\" data-settings=\"{&quot;background_background&quot;:&quot;classic&quot;}\">\n\t\t\t<div class=\"elementor-widget-wrap elementor-element-populated\">\n\t\t\t\t\t<div class=\"elementor-background-overlay\"><\/div>\n\t\t\t\t\t\t\t\t<div class=\"elementor-element elementor-element-a6612cb elementor-widget elementor-widget-spacer\" data-id=\"a6612cb\" data-element_type=\"widget\" data-widget_type=\"spacer.default\">\n\t\t\t\t<div class=\"elementor-widget-container\">\n\t\t\t<style>\/*! elementor - v3.7.6 - 15-09-2022 *\/\n.elementor-column .elementor-spacer-inner{height:var(--spacer-size)}.e-container{--container-widget-width:100%}.e-container>.elementor-widget-spacer{width:var(--container-widget-width,var(--spacer-size));-ms-flex-item-align:stretch;align-self:stretch;-ms-flex-negative:0;flex-shrink:0}.e-container>.elementor-widget-spacer>.elementor-widget-container,.e-container>.elementor-widget-spacer>.elementor-widget-container>.elementor-spacer{height:100%}.e-container>.elementor-widget-spacer>.elementor-widget-container>.elementor-spacer>.elementor-spacer-inner{height:var(--container-widget-height,var(--spacer-size))}<\/style>\t\t<div class=\"elementor-spacer\">\n\t\t\t<div class=\"elementor-spacer-inner\"><\/div>\n\t\t<\/div>\n\t\t\t\t<\/div>\n\t\t\t\t<\/div>\n\t\t\t\t<div class=\"elementor-element elementor-element-5aaad73 elementor-widget elementor-widget-text-editor\" data-id=\"5aaad73\" data-element_type=\"widget\" data-widget_type=\"text-editor.default\">\n\t\t\t\t<div class=\"elementor-widget-container\">\n\t\t\t<style>\/*! elementor - v3.7.6 - 15-09-2022 *\/\n.elementor-widget-text-editor.elementor-drop-cap-view-stacked .elementor-drop-cap{background-color:#818a91;color:#fff}.elementor-widget-text-editor.elementor-drop-cap-view-framed .elementor-drop-cap{color:#818a91;border:3px solid;background-color:transparent}.elementor-widget-text-editor:not(.elementor-drop-cap-view-default) .elementor-drop-cap{margin-top:8px}.elementor-widget-text-editor:not(.elementor-drop-cap-view-default) .elementor-drop-cap-letter{width:1em;height:1em}.elementor-widget-text-editor .elementor-drop-cap{float:left;text-align:center;line-height:1;font-size:50px}.elementor-widget-text-editor .elementor-drop-cap-letter{display:inline-block}<\/style>\t\t\t\t<p class=\" translation-block\">Interior design means creating a living space that is <br>fully adapted to the wishes and needs of the client,<br> while respecting all functional and budgetary constraints.<br><\/p><p class=\" translation-block\">Whether your space is for private or business purposes, whether <br>it is an apartment, hotel or office - we provide you with individual and smart<br> solutions that will increase the value of your property.<br> We will adapt each space to your wishes and conditions, taking into account<br> all technical conditions and spatial environments.<\/p>\t\t\t\t\t\t<\/div>\n\t\t\t\t<\/div>\n\t\t\t\t<div class=\"elementor-element elementor-element-6857682 elementor-widget elementor-widget-spacer\" data-id=\"6857682\" data-element_type=\"widget\" data-widget_type=\"spacer.default\">\n\t\t\t\t<div class=\"elementor-widget-container\">\n\t\t\t\t\t<div class=\"elementor-spacer\">\n\t\t\t<div class=\"elementor-spacer-inner\"><\/div>\n\t\t<\/div>\n\t\t\t\t<\/div>\n\t\t\t\t<\/div>\n\t\t\t\t\t<\/div>\n\t\t<\/div>\n\t\t\t\t\t\t\t<\/div>\n\t\t<\/section>\n\t\t\t\t<section data-dce-background-color=\"#282828\" class=\"elementor-section elementor-top-section elementor-element elementor-element-142011c elementor-section-full_width elementor-section-height-min-height elementor-section-height-default elementor-section-items-middle\" data-id=\"142011c\" data-element_type=\"section\" data-settings=\"{&quot;background_background&quot;:&quot;classic&quot;}\">\n\t\t\t\t\t\t<div class=\"elementor-container elementor-column-gap-no\">\n\t\t\t\t\t<div class=\"elementor-column elementor-col-100 elementor-top-column elementor-element elementor-element-d3bda2a\" data-id=\"d3bda2a\" data-element_type=\"column\">\n\t\t\t<div class=\"elementor-widget-wrap\">\n\t\t\t\t\t\t\t\t\t<\/div>\n\t\t<\/div>\n\t\t\t\t\t\t\t<\/div>\n\t\t<\/section>\n\t\t\t\t<section data-dce-background-color=\"#272727\" class=\"elementor-section elementor-top-section elementor-element elementor-element-81737ee elementor-section-full_width elementor-section-content-middle elementor-section-height-default elementor-section-height-default\" data-id=\"81737ee\" data-element_type=\"section\" data-settings=\"{&quot;background_background&quot;:&quot;classic&quot;}\">\n\t\t\t\t\t\t<div class=\"elementor-container elementor-column-gap-no\">\n\t\t\t\t\t<div data-dce-background-color=\"#313131\" data-dce-background-overlay-image-url=\"https:\/\/svendesign.hr\/wp-content\/uploads\/2022\/08\/interior-g79207ae87_1920.jpg\" class=\"elementor-column elementor-col-50 elementor-top-column elementor-element elementor-element-038cb5b\" data-id=\"038cb5b\" data-element_type=\"column\" data-settings=\"{&quot;background_background&quot;:&quot;classic&quot;}\">\n\t\t\t<div class=\"elementor-widget-wrap elementor-element-populated\">\n\t\t\t\t\t<div class=\"elementor-background-overlay\"><\/div>\n\t\t\t\t\t\t\t\t<div class=\"elementor-element elementor-element-6596fec elementor-widget elementor-widget-spacer\" data-id=\"6596fec\" data-element_type=\"widget\" data-widget_type=\"spacer.default\">\n\t\t\t\t<div class=\"elementor-widget-container\">\n\t\t\t\t\t<div class=\"elementor-spacer\">\n\t\t\t<div class=\"elementor-spacer-inner\"><\/div>\n\t\t<\/div>\n\t\t\t\t<\/div>\n\t\t\t\t<\/div>\n\t\t\t\t<div class=\"elementor-element elementor-element-9c5e00f elementor-widget elementor-widget-text-editor\" data-id=\"9c5e00f\" data-element_type=\"widget\" data-widget_type=\"text-editor.default\">\n\t\t\t\t<div class=\"elementor-widget-container\">\n\t\t\t\t\t\t\t<p class=\" translation-block\">We provide field services and recording the existing situation, consulting,<br> development and implementation of the conceptual and implementation project.<br> According to your wishes, we determine the layout of individual rooms, the style of<br> decoration and the colors and materials that best determine the chosen style.<br><\/p>\n<p class=\" translation-block\">We also choose the type of carpentry, lighting and floor and wall coverings<br> that are compatible with your vision and design style.<br> Ultimately, we make or choose furniture and finishing decorations to<br> make your new space shine in full glory and to make the most of the potential of your space.<\/p>\t\t\t\t\t\t<\/div>\n\t\t\t\t<\/div>\n\t\t\t\t<div class=\"elementor-element elementor-element-f4b44a6 elementor-widget elementor-widget-spacer\" data-id=\"f4b44a6\" data-element_type=\"widget\" data-widget_type=\"spacer.default\">\n\t\t\t\t<div class=\"elementor-widget-container\">\n\t\t\t\t\t<div class=\"elementor-spacer\">\n\t\t\t<div class=\"elementor-spacer-inner\"><\/div>\n\t\t<\/div>\n\t\t\t\t<\/div>\n\t\t\t\t<\/div>\n\t\t\t\t\t<\/div>\n\t\t<\/div>\n\t\t\t\t<div data-dce-background-image-url=\"https:\/\/svendesign.hr\/wp-content\/uploads\/2022\/08\/daniel-mccullough-FPFq_trr2Y-unsplash-scaled.jpg\" class=\"elementor-column elementor-col-50 elementor-top-column elementor-element elementor-element-52f8c3a elementor-hidden-tablet elementor-hidden-mobile\" data-id=\"52f8c3a\" data-element_type=\"column\" data-settings=\"{&quot;background_background&quot;:&quot;classic&quot;}\">\n\t\t\t<div class=\"elementor-widget-wrap\">\n\t\t\t\t\t\t\t\t\t<\/div>\n\t\t<\/div>\n\t\t\t\t\t\t\t<\/div>\n\t\t<\/section>\n\t\t\t\t<section data-dce-background-color=\"#272727\" class=\"elementor-section elementor-top-section elementor-element elementor-element-a76c133 elementor-section-full_width elementor-section-height-min-height elementor-section-height-default elementor-section-items-middle\" data-id=\"a76c133\" data-element_type=\"section\" data-settings=\"{&quot;background_background&quot;:&quot;classic&quot;}\">\n\t\t\t\t\t\t<div class=\"elementor-container elementor-column-gap-default\">\n\t\t\t\t\t<div class=\"elementor-column elementor-col-100 elementor-top-column elementor-element elementor-element-4e669a1\" data-id=\"4e669a1\" data-element_type=\"column\">\n\t\t\t<div class=\"elementor-widget-wrap\">\n\t\t\t\t\t\t\t\t\t<\/div>\n\t\t<\/div>\n\t\t\t\t\t\t\t<\/div>\n\t\t<\/section>\n\t\t\t\t<section data-dce-background-color=\"#282828\" class=\"elementor-section elementor-top-section elementor-element elementor-element-cee289e elementor-section-full_width elementor-section-stretched elementor-section-height-default elementor-section-height-default\" data-id=\"cee289e\" data-element_type=\"section\" data-settings=\"{&quot;stretch_section&quot;:&quot;section-stretched&quot;,&quot;background_background&quot;:&quot;classic&quot;}\">\n\t\t\t\t\t\t<div class=\"elementor-container elementor-column-gap-no\">\n\t\t\t\t\t<div data-dce-background-image-url=\"https:\/\/svendesign.hr\/wp-content\/uploads\/2022\/08\/cela3.jpg\" class=\"elementor-column elementor-col-50 elementor-top-column elementor-element elementor-element-0fc53af elementor-hidden-tablet elementor-hidden-mobile\" data-id=\"0fc53af\" data-element_type=\"column\" data-settings=\"{&quot;background_background&quot;:&quot;classic&quot;}\">\n\t\t\t<div class=\"elementor-widget-wrap\">\n\t\t\t\t\t\t\t\t\t<\/div>\n\t\t<\/div>\n\t\t\t\t<div data-dce-background-color=\"#313131\" data-dce-background-overlay-color=\"#313131\" data-dce-background-overlay-image-url=\"https:\/\/svendesign.hr\/wp-content\/uploads\/2022\/08\/cela2.jpg\" class=\"elementor-column elementor-col-50 elementor-top-column elementor-element elementor-element-b21496e\" data-id=\"b21496e\" data-element_type=\"column\" data-settings=\"{&quot;background_background&quot;:&quot;classic&quot;}\">\n\t\t\t<div class=\"elementor-widget-wrap elementor-element-populated\">\n\t\t\t\t\t<div class=\"elementor-background-overlay\"><\/div>\n\t\t\t\t\t\t\t\t<div class=\"elementor-element elementor-element-ab24142 elementor-widget elementor-widget-spacer\" data-id=\"ab24142\" data-element_type=\"widget\" data-widget_type=\"spacer.default\">\n\t\t\t\t<div class=\"elementor-widget-container\">\n\t\t\t\t\t<div class=\"elementor-spacer\">\n\t\t\t<div class=\"elementor-spacer-inner\"><\/div>\n\t\t<\/div>\n\t\t\t\t<\/div>\n\t\t\t\t<\/div>\n\t\t\t\t<div class=\"elementor-element elementor-element-40ab89f elementor-widget elementor-widget-heading\" data-id=\"40ab89f\" data-element_type=\"widget\" data-widget_type=\"heading.default\">\n\t\t\t\t<div class=\"elementor-widget-container\">\n\t\t\t<style>\/*! elementor - v3.7.6 - 15-09-2022 *\/\n.elementor-heading-title{padding:0;margin:0;line-height:1}.elementor-widget-heading .elementor-heading-title[class*=elementor-size-]>a{color:inherit;font-size:inherit;line-height:inherit}.elementor-widget-heading .elementor-heading-title.elementor-size-small{font-size:15px}.elementor-widget-heading .elementor-heading-title.elementor-size-medium{font-size:19px}.elementor-widget-heading .elementor-heading-title.elementor-size-large{font-size:29px}.elementor-widget-heading .elementor-heading-title.elementor-size-xl{font-size:39px}.elementor-widget-heading .elementor-heading-title.elementor-size-xxl{font-size:59px}<\/style><h2 class=\"elementor-heading-title elementor-size-default\">Turnkey project<\/h2>\t\t<\/div>\n\t\t\t\t<\/div>\n\t\t\t\t<div class=\"elementor-element elementor-element-dce2b8a elementor-widget elementor-widget-spacer\" data-id=\"dce2b8a\" data-element_type=\"widget\" data-widget_type=\"spacer.default\">\n\t\t\t\t<div class=\"elementor-widget-container\">\n\t\t\t\t\t<div class=\"elementor-spacer\">\n\t\t\t<div class=\"elementor-spacer-inner\"><\/div>\n\t\t<\/div>\n\t\t\t\t<\/div>\n\t\t\t\t<\/div>\n\t\t\t\t<div class=\"elementor-element elementor-element-8ec1f12 elementor-widget elementor-widget-text-editor\" data-id=\"8ec1f12\" data-element_type=\"widget\" data-widget_type=\"text-editor.default\">\n\t\t\t\t<div class=\"elementor-widget-container\">\n\t\t\t\t\t\t\t<p style=\"text-align: center;\" class=\" translation-block\">We also perform turnkey landscaping for you, where a team of our experts leads<br> the entire process of design and construction of your facility,<br> all in order to enable you to renovate or build with a minimum dose of<br> stress and time and with a maximum dose of satisfaction.<br><\/p><p style=\"text-align: center;\" class=\" translation-block\">In this way of arranging, the client enters his new space only <br>when it is fully arranged and equipped, while all the responsibility for <br>production and quality of work is on us.<\/p>\t\t\t\t\t\t<\/div>\n\t\t\t\t<\/div>\n\t\t\t\t<div class=\"elementor-element elementor-element-67ade48 elementor-widget elementor-widget-spacer\" data-id=\"67ade48\" data-element_type=\"widget\" data-widget_type=\"spacer.default\">\n\t\t\t\t<div class=\"elementor-widget-container\">\n\t\t\t\t\t<div class=\"elementor-spacer\">\n\t\t\t<div class=\"elementor-spacer-inner\"><\/div>\n\t\t<\/div>\n\t\t\t\t<\/div>\n\t\t\t\t<\/div>\n\t\t\t\t\t<\/div>\n\t\t<\/div>\n\t\t\t\t\t\t\t<\/div>\n\t\t<\/section>\n\t\t\t\t<section data-dce-background-color=\"#272727\" class=\"elementor-section elementor-top-section elementor-element elementor-element-aba28c6 elementor-section-full_width elementor-section-height-min-height elementor-section-height-default elementor-section-items-middle\" data-id=\"aba28c6\" data-element_type=\"section\" data-settings=\"{&quot;background_background&quot;:&quot;classic&quot;}\">\n\t\t\t\t\t\t<div class=\"elementor-container elementor-column-gap-default\">\n\t\t\t\t\t<div class=\"elementor-column elementor-col-100 elementor-top-column elementor-element elementor-element-fd8e7de\" data-id=\"fd8e7de\" data-element_type=\"column\">\n\t\t\t<div class=\"elementor-widget-wrap\">\n\t\t\t\t\t\t\t\t\t<\/div>\n\t\t<\/div>\n\t\t\t\t\t\t\t<\/div>\n\t\t<\/section>\n\t\t\t\t<section data-dce-background-color=\"#272727\" class=\"elementor-section elementor-top-section elementor-element elementor-element-6854513 elementor-section-full_width elementor-section-content-middle elementor-section-height-default elementor-section-height-default\" data-id=\"6854513\" data-element_type=\"section\" data-settings=\"{&quot;background_background&quot;:&quot;classic&quot;}\">\n\t\t\t\t\t\t<div class=\"elementor-container elementor-column-gap-no\">\n\t\t\t\t\t<div data-dce-background-color=\"#313131\" data-dce-background-overlay-image-url=\"https:\/\/svendesign.hr\/wp-content\/uploads\/2022\/08\/technical-drawing-g8b36c1278_1920.jpg\" class=\"elementor-column elementor-col-50 elementor-top-column elementor-element elementor-element-324abec\" data-id=\"324abec\" data-element_type=\"column\" data-settings=\"{&quot;background_background&quot;:&quot;classic&quot;}\">\n\t\t\t<div class=\"elementor-widget-wrap elementor-element-populated\">\n\t\t\t\t\t<div class=\"elementor-background-overlay\"><\/div>\n\t\t\t\t\t\t\t\t<div class=\"elementor-element elementor-element-eec81d6 elementor-widget elementor-widget-spacer\" data-id=\"eec81d6\" data-element_type=\"widget\" data-widget_type=\"spacer.default\">\n\t\t\t\t<div class=\"elementor-widget-container\">\n\t\t\t\t\t<div class=\"elementor-spacer\">\n\t\t\t<div class=\"elementor-spacer-inner\"><\/div>\n\t\t<\/div>\n\t\t\t\t<\/div>\n\t\t\t\t<\/div>\n\t\t\t\t<div class=\"elementor-element elementor-element-1651059 elementor-widget elementor-widget-text-editor\" data-id=\"1651059\" data-element_type=\"widget\" data-widget_type=\"text-editor.default\">\n\t\t\t\t<div class=\"elementor-widget-container\">\n\t\t\t\t\t\t\t<p class=\" translation-block\">Turnkey is an increasingly popular way of building because the client gets everything<br> he needs in one place, while avoiding all the difficulties of agreement and coordination<br> with different contractors and saves his free time and money.<br><br><\/p><p class=\" translation-block\">It includes all activities from creating the vision of the decoration,<br> making the visualization of the interior and exterior through the development<br> of the conceptual design, financial plan and detailed design to the management<br> of the construction site and the final equipment of the facility.<\/p>\t\t\t\t\t\t<\/div>\n\t\t\t\t<\/div>\n\t\t\t\t<div class=\"elementor-element elementor-element-b4d33e9 elementor-widget elementor-widget-spacer\" data-id=\"b4d33e9\" data-element_type=\"widget\" data-widget_type=\"spacer.default\">\n\t\t\t\t<div class=\"elementor-widget-container\">\n\t\t\t\t\t<div class=\"elementor-spacer\">\n\t\t\t<div class=\"elementor-spacer-inner\"><\/div>\n\t\t<\/div>\n\t\t\t\t<\/div>\n\t\t\t\t<\/div>\n\t\t\t\t\t<\/div>\n\t\t<\/div>\n\t\t\t\t<div data-dce-background-color=\"#31313152\" data-dce-background-overlay-color=\"#000000\" data-dce-background-image-url=\"https:\/\/svendesign.hr\/wp-content\/uploads\/2022\/08\/nnnoc.jpg\" class=\"elementor-column elementor-col-50 elementor-top-column elementor-element elementor-element-6d92079 elementor-hidden-tablet elementor-hidden-mobile\" data-id=\"6d92079\" data-element_type=\"column\" data-settings=\"{&quot;background_background&quot;:&quot;classic&quot;}\">\n\t\t\t<div class=\"elementor-widget-wrap\">\n\t\t\t\t\t<div class=\"elementor-background-overlay\"><\/div>\n\t\t\t\t\t\t\t\t\t<\/div>\n\t\t<\/div>\n\t\t\t\t\t\t\t<\/div>\n\t\t<\/section>\n\t\t\t\t<section data-dce-background-color=\"#272727\" class=\"elementor-section elementor-top-section elementor-element elementor-element-6221262 elementor-section-full_width elementor-section-height-min-height elementor-section-height-default elementor-section-items-middle\" data-id=\"6221262\" data-element_type=\"section\" data-settings=\"{&quot;background_background&quot;:&quot;classic&quot;}\">\n\t\t\t\t\t\t<div class=\"elementor-container elementor-column-gap-default\">\n\t\t\t\t\t<div class=\"elementor-column elementor-col-100 elementor-top-column elementor-element elementor-element-e3ddb3c\" data-id=\"e3ddb3c\" data-element_type=\"column\">\n\t\t\t<div class=\"elementor-widget-wrap\">\n\t\t\t\t\t\t\t\t\t<\/div>\n\t\t<\/div>\n\t\t\t\t\t\t\t<\/div>\n\t\t<\/section>\n\t\t\t\t<section data-dce-background-color=\"#000000\" class=\"elementor-section elementor-top-section elementor-element elementor-element-b9d3cc4 elementor-section-full_width elementor-section-height-min-height elementor-section-height-default elementor-section-items-middle\" data-id=\"b9d3cc4\" data-element_type=\"section\" data-settings=\"{&quot;background_background&quot;:&quot;classic&quot;}\">\n\t\t\t\t\t\t<div class=\"elementor-container elementor-column-gap-default\">\n\t\t\t\t\t<div class=\"elementor-column elementor-col-100 elementor-top-column elementor-element elementor-element-6ae34eb\" data-id=\"6ae34eb\" data-element_type=\"column\">\n\t\t\t<div class=\"elementor-widget-wrap elementor-element-populated\">\n\t\t\t\t\t\t\t\t<div class=\"elementor-element elementor-element-d142500 elementor-widget elementor-widget-text-editor\" data-id=\"d142500\" data-element_type=\"widget\" data-widget_type=\"text-editor.default\">\n\t\t\t\t<div class=\"elementor-widget-container\">\n\t\t\t\t\t\t\t<p style=\"text-align: center;\"><span style=\"color: #ffffff;\">SvenDesign \u00a9 2022 All Rights Reserved<\/span>\u00a0<span style=\"color: #ff0000;\"><a style=\"color: #ff0000;\" href=\"https:\/\/svendesign.hr\/en\/privatnost\/\" target=\"_blank\" rel=\"noopener\">Privacy Rules<\/a><\/span><\/p>\t\t\t\t\t\t<\/div>\n\t\t\t\t<\/div>\n\t\t\t\t<div class=\"elementor-element elementor-element-831b147 elementor-widget elementor-widget-text-editor\" data-id=\"831b147\" data-element_type=\"widget\" data-widget_type=\"text-editor.default\">\n\t\t\t\t<div class=\"elementor-widget-container\">\n\t\t\t\t\t\t\t<p style=\"text-align: center;\"><span style=\"color: #ffffff;\">Web Dizajn by<\/span>\u00a0<span style=\"color: #ff0000;\"><a style=\"color: #ff0000;\" href=\"https:\/\/svendesign.hr\/en\/\" target=\"_blank\" rel=\"noopener\">SvenDesign<\/a><\/span><\/p>\t\t\t\t\t\t<\/div>\n\t\t\t\t<\/div>\n\t\t\t\t\t<\/div>\n\t\t<\/div>\n\t\t\t\t\t\t\t<\/div>\n\t\t<\/section>\n\t\t\t\t\t\t\t<\/div>","protected":false},"excerpt":{"rendered":"<p>Dizajn interijera podrazumijeva kreiranje \u017eivotnog prostora koji je u potpunosti prilago\u0111en \u017eeljama i potrebama klijenta,\u00a0po\u0161tuju\u0107i pritom sva funkcionalna i bud\u017eetna ograni\u010denja.\u00a0 Bez obzira je li Va\u0161 prostor privatne ili poslovne namjene, radi li se o stanu, hotelu ili uredu \u2013 pru\u017eamo Vam individualna i pametna rje\u0161enja koja \u0107e pove\u0107ati vrijednost Va\u0161e nekretnine. Prilagodit \u0107emo svaki [&hellip;]<\/p>","protected":false},"author":1,"featured_media":0,"parent":0,"menu_order":0,"comment_status":"closed","ping_status":"closed","template":"","meta":{"_monsterinsights_skip_tracking":false,"_monsterinsights_sitenote_active":false,"_monsterinsights_sitenote_note":"","_monsterinsights_sitenote_category":0},"_links":{"self":[{"href":"https:\/\/svendesign.hr\/en\/wp-json\/wp\/v2\/pages\/2459"}],"collection":[{"href":"https:\/\/svendesign.hr\/en\/wp-json\/wp\/v2\/pages"}],"about":[{"href":"https:\/\/svendesign.hr\/en\/wp-json\/wp\/v2\/types\/page"}],"author":[{"embeddable":true,"href":"https:\/\/svendesign.hr\/en\/wp-json\/wp\/v2\/users\/1"}],"replies":[{"embeddable":true,"href":"https:\/\/svendesign.hr\/en\/wp-json\/wp\/v2\/comments?post=2459"}],"version-history":[{"count":37,"href":"https:\/\/svendesign.hr\/en\/wp-json\/wp\/v2\/pages\/2459\/revisions"}],"predecessor-version":[{"id":3428,"href":"https:\/\/svendesign.hr\/en\/wp-json\/wp\/v2\/pages\/2459\/revisions\/3428"}],"wp:attachment":[{"href":"https:\/\/svendesign.hr\/en\/wp-json\/wp\/v2\/media?parent=2459"}],"curies":[{"name":"wp","href":"https:\/\/api.w.org\/{rel}","templated":true}]}}