{"id":2417,"date":"2022-08-15T00:17:02","date_gmt":"2022-08-15T00:17:02","guid":{"rendered":"https:\/\/svendesign.hr\/?page_id=2417"},"modified":"2022-08-19T13:25:45","modified_gmt":"2022-08-19T13:25:45","slug":"3d-animacije","status":"publish","type":"page","link":"https:\/\/svendesign.hr\/en\/3d-animacije\/","title":{"rendered":"3D animations"},"content":{"rendered":"<div data-elementor-type=\"wp-page\" data-elementor-id=\"2417\" data-post-id=\"2417\" data-obj-id=\"2417\" class=\"elementor elementor-2417 dce-elementor-post-2417\">\n\t\t\t\t\t\t\t\t\t<section data-dce-background-color=\"#282828\" class=\"elementor-section elementor-top-section elementor-element elementor-element-4eb8df2 elementor-section-full_width elementor-section-height-min-height elementor-section-height-default elementor-section-items-middle\" data-id=\"4eb8df2\" data-element_type=\"section\" data-settings=\"{&quot;background_background&quot;:&quot;classic&quot;}\">\n\t\t\t\t\t\t<div class=\"elementor-container elementor-column-gap-no\">\n\t\t\t\t\t<div class=\"elementor-column elementor-col-100 elementor-top-column elementor-element elementor-element-1c4b16d\" data-id=\"1c4b16d\" data-element_type=\"column\">\n\t\t\t<div class=\"elementor-widget-wrap\">\n\t\t\t\t\t\t\t\t\t<\/div>\n\t\t<\/div>\n\t\t\t\t\t\t\t<\/div>\n\t\t<\/section>\n\t\t\t\t<section data-dce-background-color=\"#282828\" class=\"elementor-section elementor-top-section elementor-element elementor-element-31e14af elementor-section-full_width elementor-section-stretched elementor-section-height-default elementor-section-height-default\" data-id=\"31e14af\" data-element_type=\"section\" data-settings=\"{&quot;stretch_section&quot;:&quot;section-stretched&quot;,&quot;background_background&quot;:&quot;classic&quot;}\">\n\t\t\t\t\t\t<div class=\"elementor-container elementor-column-gap-no\">\n\t\t\t\t\t<div data-dce-background-image-url=\"https:\/\/svendesign.hr\/wp-content\/uploads\/2022\/08\/Camera_post_2.jpg\" class=\"elementor-column elementor-col-33 elementor-top-column elementor-element elementor-element-52e37de\" data-id=\"52e37de\" data-element_type=\"column\" data-settings=\"{&quot;background_background&quot;:&quot;classic&quot;}\">\n\t\t\t<div class=\"elementor-widget-wrap\">\n\t\t\t\t\t\t\t\t\t<\/div>\n\t\t<\/div>\n\t\t\t\t<div data-dce-background-color=\"#313131\" class=\"elementor-column elementor-col-33 elementor-top-column elementor-element elementor-element-5220c23\" data-id=\"5220c23\" data-element_type=\"column\" data-settings=\"{&quot;background_background&quot;:&quot;classic&quot;}\">\n\t\t\t<div class=\"elementor-widget-wrap elementor-element-populated\">\n\t\t\t\t\t\t\t\t<div class=\"elementor-element elementor-element-abcf7c2 elementor-widget elementor-widget-spacer\" data-id=\"abcf7c2\" data-element_type=\"widget\" data-widget_type=\"spacer.default\">\n\t\t\t\t<div class=\"elementor-widget-container\">\n\t\t\t<style>\/*! elementor - v3.7.6 - 15-09-2022 *\/\n.elementor-column .elementor-spacer-inner{height:var(--spacer-size)}.e-container{--container-widget-width:100%}.e-container>.elementor-widget-spacer{width:var(--container-widget-width,var(--spacer-size));-ms-flex-item-align:stretch;align-self:stretch;-ms-flex-negative:0;flex-shrink:0}.e-container>.elementor-widget-spacer>.elementor-widget-container,.e-container>.elementor-widget-spacer>.elementor-widget-container>.elementor-spacer{height:100%}.e-container>.elementor-widget-spacer>.elementor-widget-container>.elementor-spacer>.elementor-spacer-inner{height:var(--container-widget-height,var(--spacer-size))}<\/style>\t\t<div class=\"elementor-spacer\">\n\t\t\t<div class=\"elementor-spacer-inner\"><\/div>\n\t\t<\/div>\n\t\t\t\t<\/div>\n\t\t\t\t<\/div>\n\t\t\t\t<div class=\"elementor-element elementor-element-2fdb16d elementor-widget elementor-widget-text-editor\" data-id=\"2fdb16d\" data-element_type=\"widget\" data-widget_type=\"text-editor.default\">\n\t\t\t\t<div class=\"elementor-widget-container\">\n\t\t\t<style>\/*! elementor - v3.7.6 - 15-09-2022 *\/\n.elementor-widget-text-editor.elementor-drop-cap-view-stacked .elementor-drop-cap{background-color:#818a91;color:#fff}.elementor-widget-text-editor.elementor-drop-cap-view-framed .elementor-drop-cap{color:#818a91;border:3px solid;background-color:transparent}.elementor-widget-text-editor:not(.elementor-drop-cap-view-default) .elementor-drop-cap{margin-top:8px}.elementor-widget-text-editor:not(.elementor-drop-cap-view-default) .elementor-drop-cap-letter{width:1em;height:1em}.elementor-widget-text-editor .elementor-drop-cap{float:left;text-align:center;line-height:1;font-size:50px}.elementor-widget-text-editor .elementor-drop-cap-letter{display:inline-block}<\/style>\t\t\t\t<div class=\"t pg-4m0 pg-4x0 pg-4h3 pg-4y2 pg-4ff1 pg-4fs0 pg-4fc0 pg-4sc0 pg-4ls0 pg-4ws0\"><p class=\" translation-block\">3D animations allow you to show the development of your future property<br> in the most efficient way possible, using visual effects that will attract your<br> client's attention and draw him into the 3D world.<\/p><p>\u00a0<\/p><p class=\" translation-block\">Architectural animation follows a customized step-by-step <br>visualization process that pays close attention to small details.<\/p><p class=\" translation-block\"><br> Focusing on the user experience and specific customer<br> requirements maximizes the performance of the brand<br> and the marketing campaign for the sale of real estate.<\/p><\/div>\t\t\t\t\t\t<\/div>\n\t\t\t\t<\/div>\n\t\t\t\t<div class=\"elementor-element elementor-element-7294d71 elementor-widget elementor-widget-spacer\" data-id=\"7294d71\" data-element_type=\"widget\" data-widget_type=\"spacer.default\">\n\t\t\t\t<div class=\"elementor-widget-container\">\n\t\t\t\t\t<div class=\"elementor-spacer\">\n\t\t\t<div class=\"elementor-spacer-inner\"><\/div>\n\t\t<\/div>\n\t\t\t\t<\/div>\n\t\t\t\t<\/div>\n\t\t\t\t\t<\/div>\n\t\t<\/div>\n\t\t\t\t<div data-dce-background-color=\"#313131\" data-dce-background-image-url=\"https:\/\/svendesign.hr\/wp-content\/uploads\/2022\/08\/Kuhinja_post4.jpg\" class=\"elementor-column elementor-col-33 elementor-top-column elementor-element elementor-element-7bc189c elementor-hidden-tablet elementor-hidden-mobile\" data-id=\"7bc189c\" data-element_type=\"column\" data-settings=\"{&quot;background_background&quot;:&quot;classic&quot;}\">\n\t\t\t<div class=\"elementor-widget-wrap\">\n\t\t\t\t\t\t\t\t\t<\/div>\n\t\t<\/div>\n\t\t\t\t\t\t\t<\/div>\n\t\t<\/section>\n\t\t\t\t<section data-dce-background-color=\"#282828\" class=\"elementor-section elementor-top-section elementor-element elementor-element-a40b189 elementor-section-full_width elementor-section-height-min-height elementor-section-height-default elementor-section-items-middle\" data-id=\"a40b189\" data-element_type=\"section\" data-settings=\"{&quot;background_background&quot;:&quot;classic&quot;}\">\n\t\t\t\t\t\t<div class=\"elementor-container elementor-column-gap-no\">\n\t\t\t\t\t<div class=\"elementor-column elementor-col-100 elementor-top-column elementor-element elementor-element-0fe672d\" data-id=\"0fe672d\" data-element_type=\"column\">\n\t\t\t<div class=\"elementor-widget-wrap\">\n\t\t\t\t\t\t\t\t\t<\/div>\n\t\t<\/div>\n\t\t\t\t\t\t\t<\/div>\n\t\t<\/section>\n\t\t\t\t<section data-dce-background-color=\"#313131\" class=\"elementor-section elementor-top-section elementor-element elementor-element-0a3952c elementor-section-full_width elementor-section-content-middle elementor-section-height-default elementor-section-height-default\" data-id=\"0a3952c\" data-element_type=\"section\" data-settings=\"{&quot;background_background&quot;:&quot;classic&quot;}\">\n\t\t\t\t\t\t<div class=\"elementor-container elementor-column-gap-no\">\n\t\t\t\t\t<div data-dce-background-image-url=\"https:\/\/svendesign.hr\/wp-content\/uploads\/2022\/08\/inside_final.jpg\" class=\"elementor-column elementor-col-33 elementor-top-column elementor-element elementor-element-7a2e339 elementor-hidden-tablet elementor-hidden-mobile\" data-id=\"7a2e339\" data-element_type=\"column\" data-settings=\"{&quot;background_background&quot;:&quot;classic&quot;}\">\n\t\t\t<div class=\"elementor-widget-wrap\">\n\t\t\t\t\t\t\t\t\t<\/div>\n\t\t<\/div>\n\t\t\t\t<div data-dce-background-color=\"#282828\" class=\"elementor-column elementor-col-33 elementor-top-column elementor-element elementor-element-d3c904d\" data-id=\"d3c904d\" data-element_type=\"column\" data-settings=\"{&quot;background_background&quot;:&quot;classic&quot;}\">\n\t\t\t<div class=\"elementor-widget-wrap elementor-element-populated\">\n\t\t\t\t\t\t\t\t<div class=\"elementor-element elementor-element-ef3fb06 elementor-widget elementor-widget-spacer\" data-id=\"ef3fb06\" data-element_type=\"widget\" data-widget_type=\"spacer.default\">\n\t\t\t\t<div class=\"elementor-widget-container\">\n\t\t\t\t\t<div class=\"elementor-spacer\">\n\t\t\t<div class=\"elementor-spacer-inner\"><\/div>\n\t\t<\/div>\n\t\t\t\t<\/div>\n\t\t\t\t<\/div>\n\t\t\t\t<div class=\"elementor-element elementor-element-da7a09c elementor-widget elementor-widget-text-editor\" data-id=\"da7a09c\" data-element_type=\"widget\" data-widget_type=\"text-editor.default\">\n\t\t\t\t<div class=\"elementor-widget-container\">\n\t\t\t\t\t\t\t<p class=\" translation-block\">3D animations are also called Flythrough or Walkthrough<br> and we can use them to \"walk\" or \"fly\" around the building<br> before it is even made. Animations allow you to revive<br> your project and show all the activities - from the<br> passage through the front door, through a walk through,<br> all the rooms of your home to swimming in the pool.<\/p><p><strong>\u00a0<\/strong><\/p><p class=\" translation-block\"><strong>High-quality walkthrough animation will easily replace<br> dozens of images in seconds and as such show all the<br> possibilities and perspectives of your interior and exterior design.<\/strong><\/p><p class=\" translation-block\"><strong><br> They are especially suitable for real estate investors<br> construction companies, architects and interior designers.<\/strong><\/p>\t\t\t\t\t\t<\/div>\n\t\t\t\t<\/div>\n\t\t\t\t<div class=\"elementor-element elementor-element-697cc6b elementor-widget elementor-widget-spacer\" data-id=\"697cc6b\" data-element_type=\"widget\" data-widget_type=\"spacer.default\">\n\t\t\t\t<div class=\"elementor-widget-container\">\n\t\t\t\t\t<div class=\"elementor-spacer\">\n\t\t\t<div class=\"elementor-spacer-inner\"><\/div>\n\t\t<\/div>\n\t\t\t\t<\/div>\n\t\t\t\t<\/div>\n\t\t\t\t\t<\/div>\n\t\t<\/div>\n\t\t\t\t<div data-dce-background-image-url=\"https:\/\/svendesign.hr\/wp-content\/uploads\/2022\/08\/cam5_post.jpg\" class=\"elementor-column elementor-col-33 elementor-top-column elementor-element elementor-element-5b594f9\" data-id=\"5b594f9\" data-element_type=\"column\" data-settings=\"{&quot;background_background&quot;:&quot;classic&quot;}\">\n\t\t\t<div class=\"elementor-widget-wrap\">\n\t\t\t\t\t\t\t\t\t<\/div>\n\t\t<\/div>\n\t\t\t\t\t\t\t<\/div>\n\t\t<\/section>\n\t\t\t\t<section data-dce-background-color=\"#000000\" class=\"elementor-section elementor-top-section elementor-element elementor-element-2f1e050 elementor-section-full_width elementor-section-height-min-height elementor-section-height-default elementor-section-items-middle\" data-id=\"2f1e050\" data-element_type=\"section\" data-settings=\"{&quot;background_background&quot;:&quot;classic&quot;}\">\n\t\t\t\t\t\t<div class=\"elementor-container elementor-column-gap-default\">\n\t\t\t\t\t<div class=\"elementor-column elementor-col-100 elementor-top-column elementor-element elementor-element-5bf3c8f\" data-id=\"5bf3c8f\" data-element_type=\"column\">\n\t\t\t<div class=\"elementor-widget-wrap elementor-element-populated\">\n\t\t\t\t\t\t\t\t<div class=\"elementor-element elementor-element-c633b96 elementor-widget elementor-widget-text-editor\" data-id=\"c633b96\" data-element_type=\"widget\" data-widget_type=\"text-editor.default\">\n\t\t\t\t<div class=\"elementor-widget-container\">\n\t\t\t\t\t\t\t<p style=\"text-align: center;\"><span style=\"color: #ffffff;\">SvenDesign \u00a9 2022 All Rights Reserved<\/span>\u00a0<span style=\"color: #ff0000;\"><a style=\"color: #ff0000;\" href=\"https:\/\/svendesign.hr\/en\/privatnost\/\" target=\"_blank\" rel=\"noopener\">Privacy Rules<\/a><\/span><\/p>\t\t\t\t\t\t<\/div>\n\t\t\t\t<\/div>\n\t\t\t\t<div class=\"elementor-element elementor-element-8667de3 elementor-widget elementor-widget-text-editor\" data-id=\"8667de3\" data-element_type=\"widget\" data-widget_type=\"text-editor.default\">\n\t\t\t\t<div class=\"elementor-widget-container\">\n\t\t\t\t\t\t\t<p style=\"text-align: center;\"><span style=\"color: #ffffff;\">Web Dizajn by<\/span>\u00a0<span style=\"color: #ff0000;\"><a style=\"color: #ff0000;\" href=\"https:\/\/svendesign.hr\/en\/\" target=\"_blank\" rel=\"noopener\">SvenDesign<\/a><\/span><\/p>\t\t\t\t\t\t<\/div>\n\t\t\t\t<\/div>\n\t\t\t\t\t<\/div>\n\t\t<\/div>\n\t\t\t\t\t\t\t<\/div>\n\t\t<\/section>\n\t\t\t\t\t\t\t<\/div>","protected":false},"excerpt":{"rendered":"<p>3D animacije Vam omogu\u0107avaju da na naju\u010dinkovitiji mogu\u0107i\u00a0na\u010din\u00a0prika\u017eete razvoj Va\u0161e budu\u0107e nekretnine upotrebljavaju\u0107i\u00a0vizualne efekte koje \u0107e privu\u0107i pa\u017enju va\u0161eg klijenta\u00a0i uvu\u0107i ga u 3D svijet.\u00a0 \u00a0 Arhitektonska animacija slijedi prilago\u0111eni postupak vizualizacije korak po korak koji pomno obra\u0107a pa\u017enju na male detalje. \u00a0Fokusiraju\u0107i se na korisni\u010dkom iskustvu i specifi\u010dnim\u00a0zahtjevima klijenata maksimalizira se u\u010dinak marke\u00a0i marketin\u0161ke [&hellip;]<\/p>","protected":false},"author":1,"featured_media":0,"parent":0,"menu_order":0,"comment_status":"closed","ping_status":"closed","template":"","meta":{"_monsterinsights_skip_tracking":false,"_monsterinsights_sitenote_active":false,"_monsterinsights_sitenote_note":"","_monsterinsights_sitenote_category":0},"_links":{"self":[{"href":"https:\/\/svendesign.hr\/en\/wp-json\/wp\/v2\/pages\/2417"}],"collection":[{"href":"https:\/\/svendesign.hr\/en\/wp-json\/wp\/v2\/pages"}],"about":[{"href":"https:\/\/svendesign.hr\/en\/wp-json\/wp\/v2\/types\/page"}],"author":[{"embeddable":true,"href":"https:\/\/svendesign.hr\/en\/wp-json\/wp\/v2\/users\/1"}],"replies":[{"embeddable":true,"href":"https:\/\/svendesign.hr\/en\/wp-json\/wp\/v2\/comments?post=2417"}],"version-history":[{"count":43,"href":"https:\/\/svendesign.hr\/en\/wp-json\/wp\/v2\/pages\/2417\/revisions"}],"predecessor-version":[{"id":3405,"href":"https:\/\/svendesign.hr\/en\/wp-json\/wp\/v2\/pages\/2417\/revisions\/3405"}],"wp:attachment":[{"href":"https:\/\/svendesign.hr\/en\/wp-json\/wp\/v2\/media?parent=2417"}],"curies":[{"name":"wp","href":"https:\/\/api.w.org\/{rel}","templated":true}]}}