{"id":2395,"date":"2022-08-14T23:42:15","date_gmt":"2022-08-14T23:42:15","guid":{"rendered":"https:\/\/svendesign.hr\/?page_id=2395"},"modified":"2022-08-19T12:22:19","modified_gmt":"2022-08-19T12:22:19","slug":"vizualizacije-interijera","status":"publish","type":"page","link":"https:\/\/svendesign.hr\/en\/vizualizacije-interijera\/","title":{"rendered":"Interior visualization"},"content":{"rendered":"<div data-elementor-type=\"wp-page\" data-elementor-id=\"2395\" data-post-id=\"2395\" data-obj-id=\"2395\" class=\"elementor elementor-2395 dce-elementor-post-2395\">\n\t\t\t\t\t\t\t\t\t<section data-dce-background-color=\"#282828\" class=\"elementor-section elementor-top-section elementor-element elementor-element-4eb8df2 elementor-section-full_width elementor-section-height-min-height elementor-section-height-default elementor-section-items-middle\" data-id=\"4eb8df2\" data-element_type=\"section\" data-settings=\"{&quot;background_background&quot;:&quot;classic&quot;}\">\n\t\t\t\t\t\t<div class=\"elementor-container elementor-column-gap-no\">\n\t\t\t\t\t<div class=\"elementor-column elementor-col-100 elementor-top-column elementor-element elementor-element-1c4b16d\" data-id=\"1c4b16d\" data-element_type=\"column\">\n\t\t\t<div class=\"elementor-widget-wrap\">\n\t\t\t\t\t\t\t\t\t<\/div>\n\t\t<\/div>\n\t\t\t\t\t\t\t<\/div>\n\t\t<\/section>\n\t\t\t\t<section data-dce-background-color=\"#282828\" class=\"elementor-section elementor-top-section elementor-element elementor-element-31e14af elementor-section-full_width elementor-section-stretched elementor-section-height-default elementor-section-height-default\" data-id=\"31e14af\" data-element_type=\"section\" data-settings=\"{&quot;stretch_section&quot;:&quot;section-stretched&quot;,&quot;background_background&quot;:&quot;classic&quot;}\">\n\t\t\t\t\t\t<div class=\"elementor-container elementor-column-gap-no\">\n\t\t\t\t\t<div data-dce-background-color=\"#313131\" data-dce-background-overlay-image-url=\"https:\/\/svendesign.hr\/wp-content\/uploads\/2022\/08\/Post_5.jpg\" class=\"elementor-column elementor-col-50 elementor-top-column elementor-element elementor-element-5220c23\" data-id=\"5220c23\" data-element_type=\"column\" data-settings=\"{&quot;background_background&quot;:&quot;classic&quot;}\">\n\t\t\t<div class=\"elementor-widget-wrap elementor-element-populated\">\n\t\t\t\t\t<div class=\"elementor-background-overlay\"><\/div>\n\t\t\t\t\t\t\t\t<div class=\"elementor-element elementor-element-abcf7c2 elementor-widget elementor-widget-spacer\" data-id=\"abcf7c2\" data-element_type=\"widget\" data-widget_type=\"spacer.default\">\n\t\t\t\t<div class=\"elementor-widget-container\">\n\t\t\t<style>\/*! elementor - v3.7.6 - 15-09-2022 *\/\n.elementor-column .elementor-spacer-inner{height:var(--spacer-size)}.e-container{--container-widget-width:100%}.e-container>.elementor-widget-spacer{width:var(--container-widget-width,var(--spacer-size));-ms-flex-item-align:stretch;align-self:stretch;-ms-flex-negative:0;flex-shrink:0}.e-container>.elementor-widget-spacer>.elementor-widget-container,.e-container>.elementor-widget-spacer>.elementor-widget-container>.elementor-spacer{height:100%}.e-container>.elementor-widget-spacer>.elementor-widget-container>.elementor-spacer>.elementor-spacer-inner{height:var(--container-widget-height,var(--spacer-size))}<\/style>\t\t<div class=\"elementor-spacer\">\n\t\t\t<div class=\"elementor-spacer-inner\"><\/div>\n\t\t<\/div>\n\t\t\t\t<\/div>\n\t\t\t\t<\/div>\n\t\t\t\t<div class=\"elementor-element elementor-element-2fdb16d elementor-widget elementor-widget-text-editor\" data-id=\"2fdb16d\" data-element_type=\"widget\" data-widget_type=\"text-editor.default\">\n\t\t\t\t<div class=\"elementor-widget-container\">\n\t\t\t<style>\/*! elementor - v3.7.6 - 15-09-2022 *\/\n.elementor-widget-text-editor.elementor-drop-cap-view-stacked .elementor-drop-cap{background-color:#818a91;color:#fff}.elementor-widget-text-editor.elementor-drop-cap-view-framed .elementor-drop-cap{color:#818a91;border:3px solid;background-color:transparent}.elementor-widget-text-editor:not(.elementor-drop-cap-view-default) .elementor-drop-cap{margin-top:8px}.elementor-widget-text-editor:not(.elementor-drop-cap-view-default) .elementor-drop-cap-letter{width:1em;height:1em}.elementor-widget-text-editor .elementor-drop-cap{float:left;text-align:center;line-height:1;font-size:50px}.elementor-widget-text-editor .elementor-drop-cap-letter{display:inline-block}<\/style>\t\t\t\t<div class=\"t pg-4m0 pg-4x0 pg-4h3 pg-4y2 pg-4ff1 pg-4fs0 pg-4fc0 pg-4sc0 pg-4ls0 pg-4ws0\"><p class=\" translation-block\">Whether you are an interior designer, real estate agent or marketing agency,<br> the ability to present living space in the best possible light is the foundation<br> for maximizing the potential of your project.<br><br><\/p><p class=\" translation-block\"><br>Interior design is a fast growing business in which you need professional<br>and realistic 3D interior display services to maintain competitiveness,<br>which allow you to present your design in the best possible light.<\/p><\/div>\n<div class=\"t pg-4m0 pg-4x0 pg-4h3 pg-4y2 pg-4ff1 pg-4fs0 pg-4fc0 pg-4sc0 pg-4ls0 pg-4ws0\">&nbsp;<\/div>\n<div class=\"t pg-4m0 pg-4x0 pg-4h3 pg-4y2 pg-4ff1 pg-4fs0 pg-4fc0 pg-4sc0 pg-4ls0 pg-4ws0 translation-block\">Interior visualization enables the client to be presented with<br>all the different options for arranging his space, thus making it easier for him<br> to choose and resolve possible doubts.<\/div>\t\t\t\t\t\t<\/div>\n\t\t\t\t<\/div>\n\t\t\t\t<div class=\"elementor-element elementor-element-7294d71 elementor-widget elementor-widget-spacer\" data-id=\"7294d71\" data-element_type=\"widget\" data-widget_type=\"spacer.default\">\n\t\t\t\t<div class=\"elementor-widget-container\">\n\t\t\t\t\t<div class=\"elementor-spacer\">\n\t\t\t<div class=\"elementor-spacer-inner\"><\/div>\n\t\t<\/div>\n\t\t\t\t<\/div>\n\t\t\t\t<\/div>\n\t\t\t\t\t<\/div>\n\t\t<\/div>\n\t\t\t\t<div data-dce-background-image-url=\"https:\/\/svendesign.hr\/wp-content\/uploads\/2022\/08\/soba_re_post-Copy-2.jpg\" class=\"elementor-column elementor-col-50 elementor-top-column elementor-element elementor-element-7bc189c elementor-hidden-tablet elementor-hidden-mobile\" data-id=\"7bc189c\" data-element_type=\"column\" data-settings=\"{&quot;background_background&quot;:&quot;classic&quot;}\">\n\t\t\t<div class=\"elementor-widget-wrap\">\n\t\t\t\t\t\t\t\t\t<\/div>\n\t\t<\/div>\n\t\t\t\t\t\t\t<\/div>\n\t\t<\/section>\n\t\t\t\t<section data-dce-background-color=\"#282828\" class=\"elementor-section elementor-top-section elementor-element elementor-element-a40b189 elementor-section-full_width elementor-section-height-min-height elementor-section-height-default elementor-section-items-middle\" data-id=\"a40b189\" data-element_type=\"section\" data-settings=\"{&quot;background_background&quot;:&quot;classic&quot;}\">\n\t\t\t\t\t\t<div class=\"elementor-container elementor-column-gap-no\">\n\t\t\t\t\t<div class=\"elementor-column elementor-col-100 elementor-top-column elementor-element elementor-element-0fe672d\" data-id=\"0fe672d\" data-element_type=\"column\">\n\t\t\t<div class=\"elementor-widget-wrap\">\n\t\t\t\t\t\t\t\t\t<\/div>\n\t\t<\/div>\n\t\t\t\t\t\t\t<\/div>\n\t\t<\/section>\n\t\t\t\t<section data-dce-background-color=\"#313131\" class=\"elementor-section elementor-top-section elementor-element elementor-element-0a3952c elementor-section-full_width elementor-section-content-middle elementor-section-height-default elementor-section-height-default\" data-id=\"0a3952c\" data-element_type=\"section\" data-settings=\"{&quot;background_background&quot;:&quot;classic&quot;}\">\n\t\t\t\t\t\t<div class=\"elementor-container elementor-column-gap-no\">\n\t\t\t\t\t<div data-dce-background-image-url=\"https:\/\/svendesign.hr\/wp-content\/uploads\/2022\/08\/Camera_post_2.jpg\" class=\"elementor-column elementor-col-50 elementor-top-column elementor-element elementor-element-7a2e339 elementor-hidden-tablet elementor-hidden-mobile\" data-id=\"7a2e339\" data-element_type=\"column\" data-settings=\"{&quot;background_background&quot;:&quot;classic&quot;}\">\n\t\t\t<div class=\"elementor-widget-wrap\">\n\t\t\t\t\t\t\t\t\t<\/div>\n\t\t<\/div>\n\t\t\t\t<div data-dce-background-color=\"#282828\" data-dce-background-overlay-image-url=\"https:\/\/svendesign.hr\/wp-content\/uploads\/2022\/08\/Camera_post_2.jpg\" class=\"elementor-column elementor-col-50 elementor-top-column elementor-element elementor-element-d3c904d\" data-id=\"d3c904d\" data-element_type=\"column\" data-settings=\"{&quot;background_background&quot;:&quot;classic&quot;}\">\n\t\t\t<div class=\"elementor-widget-wrap elementor-element-populated\">\n\t\t\t\t\t<div class=\"elementor-background-overlay\"><\/div>\n\t\t\t\t\t\t\t\t<div class=\"elementor-element elementor-element-ef3fb06 elementor-widget elementor-widget-spacer\" data-id=\"ef3fb06\" data-element_type=\"widget\" data-widget_type=\"spacer.default\">\n\t\t\t\t<div class=\"elementor-widget-container\">\n\t\t\t\t\t<div class=\"elementor-spacer\">\n\t\t\t<div class=\"elementor-spacer-inner\"><\/div>\n\t\t<\/div>\n\t\t\t\t<\/div>\n\t\t\t\t<\/div>\n\t\t\t\t<div class=\"elementor-element elementor-element-da7a09c elementor-widget elementor-widget-text-editor\" data-id=\"da7a09c\" data-element_type=\"widget\" data-widget_type=\"text-editor.default\">\n\t\t\t\t<div class=\"elementor-widget-container\">\n\t\t\t\t\t\t\t<p class=\"t pg-4m0 pg-4x0 pg-4h3 pg-4y2 pg-4ff1 pg-4fs0 pg-4fc0 pg-4sc0 pg-4ls0 pg-4ws0 translation-block\"><strong>We offer 3D interior display services for all types of projects,<br> from small living spaces to retail stores, office buildings and educational institutions,<br> paying individual attention to each project and image.<br><br><\/strong><\/p><p class=\"t pg-4m0 pg-4x0 pg-4h3 pg-4y2 pg-4ff1 pg-4fs0 pg-4fc0 pg-4sc0 pg-4ls0 pg-4ws0 translation-block\">It is with the help of detailed photorealistic displays, well-designed<br>lighting and the right camera settings that we convey to the<br> investor the overall vision of individual spatial solutions, <br>thus enabling him to feel what his life would be like in the new property.<\/p>\t\t\t\t\t\t<\/div>\n\t\t\t\t<\/div>\n\t\t\t\t<div class=\"elementor-element elementor-element-697cc6b elementor-widget elementor-widget-spacer\" data-id=\"697cc6b\" data-element_type=\"widget\" data-widget_type=\"spacer.default\">\n\t\t\t\t<div class=\"elementor-widget-container\">\n\t\t\t\t\t<div class=\"elementor-spacer\">\n\t\t\t<div class=\"elementor-spacer-inner\"><\/div>\n\t\t<\/div>\n\t\t\t\t<\/div>\n\t\t\t\t<\/div>\n\t\t\t\t\t<\/div>\n\t\t<\/div>\n\t\t\t\t\t\t\t<\/div>\n\t\t<\/section>\n\t\t\t\t<section data-dce-background-color=\"#000000\" class=\"elementor-section elementor-top-section elementor-element elementor-element-2f1e050 elementor-section-full_width elementor-section-height-min-height elementor-section-height-default elementor-section-items-middle\" data-id=\"2f1e050\" data-element_type=\"section\" data-settings=\"{&quot;background_background&quot;:&quot;classic&quot;}\">\n\t\t\t\t\t\t<div class=\"elementor-container elementor-column-gap-default\">\n\t\t\t\t\t<div class=\"elementor-column elementor-col-100 elementor-top-column elementor-element elementor-element-5bf3c8f\" data-id=\"5bf3c8f\" data-element_type=\"column\">\n\t\t\t<div class=\"elementor-widget-wrap elementor-element-populated\">\n\t\t\t\t\t\t\t\t<div class=\"elementor-element elementor-element-c633b96 elementor-widget elementor-widget-text-editor\" data-id=\"c633b96\" data-element_type=\"widget\" data-widget_type=\"text-editor.default\">\n\t\t\t\t<div class=\"elementor-widget-container\">\n\t\t\t\t\t\t\t<p style=\"text-align: center;\"><span style=\"color: #ffffff;\">SvenDesign \u00a9 2022 All Rights Reserved<\/span>\u00a0<span style=\"color: #ff0000;\"><a style=\"color: #ff0000;\" href=\"https:\/\/svendesign.hr\/en\/privatnost\/\" target=\"_blank\" rel=\"noopener\">Privacy Rules<\/a><\/span><\/p>\t\t\t\t\t\t<\/div>\n\t\t\t\t<\/div>\n\t\t\t\t<div class=\"elementor-element elementor-element-8667de3 elementor-widget elementor-widget-text-editor\" data-id=\"8667de3\" data-element_type=\"widget\" data-widget_type=\"text-editor.default\">\n\t\t\t\t<div class=\"elementor-widget-container\">\n\t\t\t\t\t\t\t<p style=\"text-align: center;\"><span style=\"color: #ffffff;\">Web Dizajn by<\/span>\u00a0<span style=\"color: #ff0000;\"><a style=\"color: #ff0000;\" href=\"https:\/\/svendesign.hr\/en\/\" target=\"_blank\" rel=\"noopener\">SvenDesign<\/a><\/span><\/p>\t\t\t\t\t\t<\/div>\n\t\t\t\t<\/div>\n\t\t\t\t\t<\/div>\n\t\t<\/div>\n\t\t\t\t\t\t\t<\/div>\n\t\t<\/section>\n\t\t\t\t\t\t\t<\/div>","protected":false},"excerpt":{"rendered":"<p>Bez obzira jeste li dizajner interijera, trgovac nekretninama ili&nbsp;marketin\u0161ka agencija mogu\u0107nost prikazivanja \u017eivotnog prostora&nbsp;u najboljem mogu\u0107em svjetlu predstavlja temelj za maksimiziranje&nbsp;potencijala va\u0161eg projekta.&nbsp;&nbsp; Dizajn interijera brzo je rastu\u0107i biznis u kojemu su Vam za&nbsp;odr\u017eavanjekonkurentnosti potrebne usluge profesionalnog i realisti\u010dnog 3Dprikaza interijera koje Vam omogu\u0107uju da va\u0161 dizajn prika\u017eeteu najboljem mogu\u0107em svijetlu. &nbsp; Vizualizacija interijera omogu\u0107uje [&hellip;]<\/p>","protected":false},"author":1,"featured_media":0,"parent":0,"menu_order":0,"comment_status":"closed","ping_status":"closed","template":"","meta":{"_monsterinsights_skip_tracking":false,"_monsterinsights_sitenote_active":false,"_monsterinsights_sitenote_note":"","_monsterinsights_sitenote_category":0},"_links":{"self":[{"href":"https:\/\/svendesign.hr\/en\/wp-json\/wp\/v2\/pages\/2395"}],"collection":[{"href":"https:\/\/svendesign.hr\/en\/wp-json\/wp\/v2\/pages"}],"about":[{"href":"https:\/\/svendesign.hr\/en\/wp-json\/wp\/v2\/types\/page"}],"author":[{"embeddable":true,"href":"https:\/\/svendesign.hr\/en\/wp-json\/wp\/v2\/users\/1"}],"replies":[{"embeddable":true,"href":"https:\/\/svendesign.hr\/en\/wp-json\/wp\/v2\/comments?post=2395"}],"version-history":[{"count":34,"href":"https:\/\/svendesign.hr\/en\/wp-json\/wp\/v2\/pages\/2395\/revisions"}],"predecessor-version":[{"id":3386,"href":"https:\/\/svendesign.hr\/en\/wp-json\/wp\/v2\/pages\/2395\/revisions\/3386"}],"wp:attachment":[{"href":"https:\/\/svendesign.hr\/en\/wp-json\/wp\/v2\/media?parent=2395"}],"curies":[{"name":"wp","href":"https:\/\/api.w.org\/{rel}","templated":true}]}}