{"id":2350,"date":"2022-08-14T22:24:06","date_gmt":"2022-08-14T22:24:06","guid":{"rendered":"https:\/\/svendesign.hr\/?page_id=2350"},"modified":"2022-08-19T12:24:24","modified_gmt":"2022-08-19T12:24:24","slug":"vizualizacija-eksterijera","status":"publish","type":"page","link":"https:\/\/svendesign.hr\/en\/vizualizacija-eksterijera\/","title":{"rendered":"Exterior visualization"},"content":{"rendered":"<div data-elementor-type=\"wp-page\" data-elementor-id=\"2350\" data-post-id=\"2350\" data-obj-id=\"2350\" class=\"elementor elementor-2350 dce-elementor-post-2350\">\n\t\t\t\t\t\t\t\t\t<section data-dce-background-color=\"#282828\" class=\"elementor-section elementor-top-section elementor-element elementor-element-be1bb33 elementor-section-full_width elementor-section-height-min-height elementor-section-height-default elementor-section-items-middle\" data-id=\"be1bb33\" data-element_type=\"section\" data-settings=\"{&quot;background_background&quot;:&quot;classic&quot;}\">\n\t\t\t\t\t\t<div class=\"elementor-container elementor-column-gap-no\">\n\t\t\t\t\t<div class=\"elementor-column elementor-col-100 elementor-top-column elementor-element elementor-element-2436926\" data-id=\"2436926\" data-element_type=\"column\">\n\t\t\t<div class=\"elementor-widget-wrap\">\n\t\t\t\t\t\t\t\t\t<\/div>\n\t\t<\/div>\n\t\t\t\t\t\t\t<\/div>\n\t\t<\/section>\n\t\t\t\t<section data-dce-background-color=\"#282828\" class=\"elementor-section elementor-top-section elementor-element elementor-element-bf77846 elementor-section-full_width elementor-section-stretched elementor-section-height-default elementor-section-height-default\" data-id=\"bf77846\" data-element_type=\"section\" data-settings=\"{&quot;stretch_section&quot;:&quot;section-stretched&quot;,&quot;background_background&quot;:&quot;classic&quot;}\">\n\t\t\t\t\t\t<div class=\"elementor-container elementor-column-gap-no\">\n\t\t\t\t\t<div data-dce-background-image-url=\"https:\/\/svendesign.hr\/wp-content\/uploads\/2022\/08\/bazen_final8-2.jpg\" class=\"elementor-column elementor-col-50 elementor-top-column elementor-element elementor-element-c79d904 elementor-hidden-tablet elementor-hidden-mobile\" data-id=\"c79d904\" data-element_type=\"column\" data-settings=\"{&quot;background_background&quot;:&quot;classic&quot;}\">\n\t\t\t<div class=\"elementor-widget-wrap\">\n\t\t\t\t\t\t\t\t\t<\/div>\n\t\t<\/div>\n\t\t\t\t<div data-dce-background-color=\"#313131\" data-dce-background-overlay-image-url=\"https:\/\/svendesign.hr\/wp-content\/uploads\/2022\/08\/iso1.jpg\" class=\"elementor-column elementor-col-50 elementor-top-column elementor-element elementor-element-6585523\" data-id=\"6585523\" data-element_type=\"column\" data-settings=\"{&quot;background_background&quot;:&quot;classic&quot;}\">\n\t\t\t<div class=\"elementor-widget-wrap elementor-element-populated\">\n\t\t\t\t\t<div class=\"elementor-background-overlay\"><\/div>\n\t\t\t\t\t\t\t\t<div class=\"elementor-element elementor-element-5e5a306 elementor-hidden-tablet elementor-hidden-mobile elementor-widget elementor-widget-spacer\" data-id=\"5e5a306\" data-element_type=\"widget\" data-widget_type=\"spacer.default\">\n\t\t\t\t<div class=\"elementor-widget-container\">\n\t\t\t<style>\/*! elementor - v3.7.6 - 15-09-2022 *\/\n.elementor-column .elementor-spacer-inner{height:var(--spacer-size)}.e-container{--container-widget-width:100%}.e-container>.elementor-widget-spacer{width:var(--container-widget-width,var(--spacer-size));-ms-flex-item-align:stretch;align-self:stretch;-ms-flex-negative:0;flex-shrink:0}.e-container>.elementor-widget-spacer>.elementor-widget-container,.e-container>.elementor-widget-spacer>.elementor-widget-container>.elementor-spacer{height:100%}.e-container>.elementor-widget-spacer>.elementor-widget-container>.elementor-spacer>.elementor-spacer-inner{height:var(--container-widget-height,var(--spacer-size))}<\/style>\t\t<div class=\"elementor-spacer\">\n\t\t\t<div class=\"elementor-spacer-inner\"><\/div>\n\t\t<\/div>\n\t\t\t\t<\/div>\n\t\t\t\t<\/div>\n\t\t\t\t<div class=\"elementor-element elementor-element-5f54315 elementor-widget elementor-widget-spacer\" data-id=\"5f54315\" data-element_type=\"widget\" data-widget_type=\"spacer.default\">\n\t\t\t\t<div class=\"elementor-widget-container\">\n\t\t\t\t\t<div class=\"elementor-spacer\">\n\t\t\t<div class=\"elementor-spacer-inner\"><\/div>\n\t\t<\/div>\n\t\t\t\t<\/div>\n\t\t\t\t<\/div>\n\t\t\t\t<div class=\"elementor-element elementor-element-5aaad73 elementor-widget elementor-widget-text-editor\" data-id=\"5aaad73\" data-element_type=\"widget\" data-widget_type=\"text-editor.default\">\n\t\t\t\t<div class=\"elementor-widget-container\">\n\t\t\t<style>\/*! elementor - v3.7.6 - 15-09-2022 *\/\n.elementor-widget-text-editor.elementor-drop-cap-view-stacked .elementor-drop-cap{background-color:#818a91;color:#fff}.elementor-widget-text-editor.elementor-drop-cap-view-framed .elementor-drop-cap{color:#818a91;border:3px solid;background-color:transparent}.elementor-widget-text-editor:not(.elementor-drop-cap-view-default) .elementor-drop-cap{margin-top:8px}.elementor-widget-text-editor:not(.elementor-drop-cap-view-default) .elementor-drop-cap-letter{width:1em;height:1em}.elementor-widget-text-editor .elementor-drop-cap{float:left;text-align:center;line-height:1;font-size:50px}.elementor-widget-text-editor .elementor-drop-cap-letter{display:inline-block}<\/style>\t\t\t\t<p class=\" translation-block\">3D visualization, in the field of architecture, refers to the practice<br>of presenting a new building in a way that is easy to understand. It is conceived<br>  as a language between a client and an architect or designer.<\/p>\n<p><span id=\"more-828\"><\/span><\/p>\n<p><br><\/p><p class=\" translation-block\">Today, 3D visualization is used as an alternative to traditional<br> photography and is becoming irreplaceable when it comes to concept,<br> vision or the design itself while the physical product does not yet exist.<br> It is an extremely effective promotional marketing tool<br> that will allow your clients to experience a realistic picture of their<br> facility, which encourages them to be more committed to the project.<\/p>\t\t\t\t\t\t<\/div>\n\t\t\t\t<\/div>\n\t\t\t\t<div class=\"elementor-element elementor-element-6857682 elementor-widget elementor-widget-spacer\" data-id=\"6857682\" data-element_type=\"widget\" data-widget_type=\"spacer.default\">\n\t\t\t\t<div class=\"elementor-widget-container\">\n\t\t\t\t\t<div class=\"elementor-spacer\">\n\t\t\t<div class=\"elementor-spacer-inner\"><\/div>\n\t\t<\/div>\n\t\t\t\t<\/div>\n\t\t\t\t<\/div>\n\t\t\t\t<div class=\"elementor-element elementor-element-2f3804b elementor-widget elementor-widget-spacer\" data-id=\"2f3804b\" data-element_type=\"widget\" data-widget_type=\"spacer.default\">\n\t\t\t\t<div class=\"elementor-widget-container\">\n\t\t\t\t\t<div class=\"elementor-spacer\">\n\t\t\t<div class=\"elementor-spacer-inner\"><\/div>\n\t\t<\/div>\n\t\t\t\t<\/div>\n\t\t\t\t<\/div>\n\t\t\t\t\t<\/div>\n\t\t<\/div>\n\t\t\t\t\t\t\t<\/div>\n\t\t<\/section>\n\t\t\t\t<section data-dce-background-color=\"#282828\" class=\"elementor-section elementor-top-section elementor-element elementor-element-142011c elementor-section-full_width elementor-section-height-min-height elementor-section-height-default elementor-section-items-middle\" data-id=\"142011c\" data-element_type=\"section\" data-settings=\"{&quot;background_background&quot;:&quot;classic&quot;}\">\n\t\t\t\t\t\t<div class=\"elementor-container elementor-column-gap-no\">\n\t\t\t\t\t<div class=\"elementor-column elementor-col-100 elementor-top-column elementor-element elementor-element-d3bda2a\" data-id=\"d3bda2a\" data-element_type=\"column\">\n\t\t\t<div class=\"elementor-widget-wrap\">\n\t\t\t\t\t\t\t\t\t<\/div>\n\t\t<\/div>\n\t\t\t\t\t\t\t<\/div>\n\t\t<\/section>\n\t\t\t\t<section data-dce-background-color=\"#313131\" class=\"elementor-section elementor-top-section elementor-element elementor-element-81737ee elementor-section-full_width elementor-section-content-middle elementor-section-height-default elementor-section-height-default\" data-id=\"81737ee\" data-element_type=\"section\" data-settings=\"{&quot;background_background&quot;:&quot;classic&quot;}\">\n\t\t\t\t\t\t<div class=\"elementor-container elementor-column-gap-no\">\n\t\t\t\t\t<div data-dce-background-color=\"#282828\" data-dce-background-overlay-image-url=\"https:\/\/svendesign.hr\/wp-content\/uploads\/2022\/08\/iso3.jpg\" class=\"elementor-column elementor-col-50 elementor-top-column elementor-element elementor-element-038cb5b\" data-id=\"038cb5b\" data-element_type=\"column\" data-settings=\"{&quot;background_background&quot;:&quot;classic&quot;}\">\n\t\t\t<div class=\"elementor-widget-wrap elementor-element-populated\">\n\t\t\t\t\t<div class=\"elementor-background-overlay\"><\/div>\n\t\t\t\t\t\t\t\t<div class=\"elementor-element elementor-element-6596fec elementor-widget elementor-widget-spacer\" data-id=\"6596fec\" data-element_type=\"widget\" data-widget_type=\"spacer.default\">\n\t\t\t\t<div class=\"elementor-widget-container\">\n\t\t\t\t\t<div class=\"elementor-spacer\">\n\t\t\t<div class=\"elementor-spacer-inner\"><\/div>\n\t\t<\/div>\n\t\t\t\t<\/div>\n\t\t\t\t<\/div>\n\t\t\t\t<div class=\"elementor-element elementor-element-9c5e00f elementor-widget elementor-widget-text-editor\" data-id=\"9c5e00f\" data-element_type=\"widget\" data-widget_type=\"text-editor.default\">\n\t\t\t\t<div class=\"elementor-widget-container\">\n\t\t\t\t\t\t\t<p class=\" translation-block\">3d visualization involves the implementation of three-dimensional<br> images to obtain a convincing exterior design of your building,<br> environment and neighborhood, whether it is modern or classic<br>architecture or commercial, urban or business districts.<br> You can use it to turn on a level of detail that is not possible<br> with 2D drawings and schemes.<\/p><p><br><\/p>\n<p class=\" translation-block\"><strong>Thanks to the thousands of available textures, materials,<br> colors and finishes, we are able to display any type of<br> residential building, private house or commercial building. <\/strong><\/p><p><strong><br><\/strong><\/p>\n<p>Using your ideas and wishes, we turn your plans into reality.<\/p>\t\t\t\t\t\t<\/div>\n\t\t\t\t<\/div>\n\t\t\t\t<div class=\"elementor-element elementor-element-f4b44a6 elementor-widget elementor-widget-spacer\" data-id=\"f4b44a6\" data-element_type=\"widget\" data-widget_type=\"spacer.default\">\n\t\t\t\t<div class=\"elementor-widget-container\">\n\t\t\t\t\t<div class=\"elementor-spacer\">\n\t\t\t<div class=\"elementor-spacer-inner\"><\/div>\n\t\t<\/div>\n\t\t\t\t<\/div>\n\t\t\t\t<\/div>\n\t\t\t\t\t<\/div>\n\t\t<\/div>\n\t\t\t\t<div data-dce-background-image-url=\"https:\/\/svendesign.hr\/wp-content\/uploads\/2022\/08\/cam6_4.jpg\" class=\"elementor-column elementor-col-50 elementor-top-column elementor-element elementor-element-52f8c3a elementor-hidden-tablet elementor-hidden-mobile\" data-id=\"52f8c3a\" data-element_type=\"column\" data-settings=\"{&quot;background_background&quot;:&quot;classic&quot;}\">\n\t\t\t<div class=\"elementor-widget-wrap\">\n\t\t\t\t\t\t\t\t\t<\/div>\n\t\t<\/div>\n\t\t\t\t\t\t\t<\/div>\n\t\t<\/section>\n\t\t\t\t<section data-dce-background-color=\"#313131\" class=\"elementor-section elementor-top-section elementor-element elementor-element-a76c133 elementor-section-full_width elementor-section-height-min-height elementor-section-height-default elementor-section-items-middle\" data-id=\"a76c133\" data-element_type=\"section\" data-settings=\"{&quot;background_background&quot;:&quot;classic&quot;}\">\n\t\t\t\t\t\t<div class=\"elementor-container elementor-column-gap-default\">\n\t\t\t\t\t<div class=\"elementor-column elementor-col-100 elementor-top-column elementor-element elementor-element-4e669a1\" data-id=\"4e669a1\" data-element_type=\"column\">\n\t\t\t<div class=\"elementor-widget-wrap\">\n\t\t\t\t\t\t\t\t\t<\/div>\n\t\t<\/div>\n\t\t\t\t\t\t\t<\/div>\n\t\t<\/section>\n\t\t\t\t<section data-dce-background-color=\"#000000\" class=\"elementor-section elementor-top-section elementor-element elementor-element-b9d3cc4 elementor-section-full_width elementor-section-height-min-height elementor-section-height-default elementor-section-items-middle\" data-id=\"b9d3cc4\" data-element_type=\"section\" data-settings=\"{&quot;background_background&quot;:&quot;classic&quot;}\">\n\t\t\t\t\t\t<div class=\"elementor-container elementor-column-gap-default\">\n\t\t\t\t\t<div class=\"elementor-column elementor-col-100 elementor-top-column elementor-element elementor-element-6ae34eb\" data-id=\"6ae34eb\" data-element_type=\"column\">\n\t\t\t<div class=\"elementor-widget-wrap elementor-element-populated\">\n\t\t\t\t\t\t\t\t<div class=\"elementor-element elementor-element-d142500 elementor-widget elementor-widget-text-editor\" data-id=\"d142500\" data-element_type=\"widget\" data-widget_type=\"text-editor.default\">\n\t\t\t\t<div class=\"elementor-widget-container\">\n\t\t\t\t\t\t\t<p style=\"text-align: center;\"><span style=\"color: #ffffff;\">SvenDesign \u00a9 2022 All Rights Reserved<\/span>\u00a0<span style=\"color: #ff0000;\"><a style=\"color: #ff0000;\" href=\"https:\/\/svendesign.hr\/en\/privatnost\/\" target=\"_blank\" rel=\"noopener\">Privacy Rules<\/a><\/span><\/p>\t\t\t\t\t\t<\/div>\n\t\t\t\t<\/div>\n\t\t\t\t<div class=\"elementor-element elementor-element-831b147 elementor-widget elementor-widget-text-editor\" data-id=\"831b147\" data-element_type=\"widget\" data-widget_type=\"text-editor.default\">\n\t\t\t\t<div class=\"elementor-widget-container\">\n\t\t\t\t\t\t\t<p style=\"text-align: center;\"><span style=\"color: #ffffff;\">Web Dizajn by<\/span>\u00a0<span style=\"color: #ff0000;\"><a style=\"color: #ff0000;\" href=\"https:\/\/svendesign.hr\/en\/\" target=\"_blank\" rel=\"noopener\">SvenDesign<\/a><\/span><\/p>\t\t\t\t\t\t<\/div>\n\t\t\t\t<\/div>\n\t\t\t\t\t<\/div>\n\t\t<\/div>\n\t\t\t\t\t\t\t<\/div>\n\t\t<\/section>\n\t\t\t\t\t\t\t<\/div>","protected":false},"excerpt":{"rendered":"<p>3D vizualizacija, na podru\u010dju arhitekture, odnosi se na praksu&nbsp;predstavljanja nove gra\u0111evine na na\u010din koji je lako shvatljiv.&nbsp;Zami\u0161ljena je kao jezik izme\u0111u klijenta i arhitekta ili dizajnera. Danas se 3D vizualizacija koristi kao alternativa tradicionalnoj&nbsp;fotografiji te postaje nezamjenjiva kada je rije\u010d o konceptu,&nbsp;viziji ili samom dizajnu dok fizi\u010dki proizvod jo\u0161 ne postoji.&nbsp;Izuzetno je u\u010dinkovit promotivni marketin\u0161ki [&hellip;]<\/p>","protected":false},"author":1,"featured_media":0,"parent":0,"menu_order":0,"comment_status":"closed","ping_status":"closed","template":"","meta":{"_monsterinsights_skip_tracking":false,"_monsterinsights_sitenote_active":false,"_monsterinsights_sitenote_note":"","_monsterinsights_sitenote_category":0},"_links":{"self":[{"href":"https:\/\/svendesign.hr\/en\/wp-json\/wp\/v2\/pages\/2350"}],"collection":[{"href":"https:\/\/svendesign.hr\/en\/wp-json\/wp\/v2\/pages"}],"about":[{"href":"https:\/\/svendesign.hr\/en\/wp-json\/wp\/v2\/types\/page"}],"author":[{"embeddable":true,"href":"https:\/\/svendesign.hr\/en\/wp-json\/wp\/v2\/users\/1"}],"replies":[{"embeddable":true,"href":"https:\/\/svendesign.hr\/en\/wp-json\/wp\/v2\/comments?post=2350"}],"version-history":[{"count":49,"href":"https:\/\/svendesign.hr\/en\/wp-json\/wp\/v2\/pages\/2350\/revisions"}],"predecessor-version":[{"id":3389,"href":"https:\/\/svendesign.hr\/en\/wp-json\/wp\/v2\/pages\/2350\/revisions\/3389"}],"wp:attachment":[{"href":"https:\/\/svendesign.hr\/en\/wp-json\/wp\/v2\/media?parent=2350"}],"curies":[{"name":"wp","href":"https:\/\/api.w.org\/{rel}","templated":true}]}}