{"id":2316,"date":"2022-08-14T11:19:45","date_gmt":"2022-08-14T11:19:45","guid":{"rendered":"https:\/\/svendesign.hr\/?page_id=2316"},"modified":"2022-08-20T23:33:59","modified_gmt":"2022-08-20T23:33:59","slug":"privatnost","status":"publish","type":"page","link":"https:\/\/svendesign.hr\/en\/privatnost\/","title":{"rendered":"Privatnost"},"content":{"rendered":"<div data-elementor-type=\"wp-page\" data-elementor-id=\"2316\" data-post-id=\"2316\" data-obj-id=\"2316\" class=\"elementor elementor-2316 dce-elementor-post-2316\">\n\t\t\t\t\t\t\t\t\t<section data-dce-background-color=\"#212121\" class=\"elementor-section elementor-top-section elementor-element elementor-element-50c462a elementor-section-full_width elementor-section-height-default elementor-section-height-default\" data-id=\"50c462a\" data-element_type=\"section\" data-settings=\"{&quot;background_background&quot;:&quot;classic&quot;}\">\n\t\t\t\t\t\t<div class=\"elementor-container elementor-column-gap-no\">\n\t\t\t\t\t<div class=\"elementor-column elementor-col-33 elementor-top-column elementor-element elementor-element-bc75603\" data-id=\"bc75603\" data-element_type=\"column\">\n\t\t\t<div class=\"elementor-widget-wrap\">\n\t\t\t\t\t\t\t\t\t<\/div>\n\t\t<\/div>\n\t\t\t\t<div class=\"elementor-column elementor-col-33 elementor-top-column elementor-element elementor-element-d88962b\" data-id=\"d88962b\" data-element_type=\"column\">\n\t\t\t<div class=\"elementor-widget-wrap elementor-element-populated\">\n\t\t\t\t\t\t\t\t<div class=\"elementor-element elementor-element-6783eaa elementor-widget elementor-widget-spacer\" data-id=\"6783eaa\" data-element_type=\"widget\" data-widget_type=\"spacer.default\">\n\t\t\t\t<div class=\"elementor-widget-container\">\n\t\t\t<style>\/*! elementor - v3.7.6 - 15-09-2022 *\/\n.elementor-column .elementor-spacer-inner{height:var(--spacer-size)}.e-container{--container-widget-width:100%}.e-container>.elementor-widget-spacer{width:var(--container-widget-width,var(--spacer-size));-ms-flex-item-align:stretch;align-self:stretch;-ms-flex-negative:0;flex-shrink:0}.e-container>.elementor-widget-spacer>.elementor-widget-container,.e-container>.elementor-widget-spacer>.elementor-widget-container>.elementor-spacer{height:100%}.e-container>.elementor-widget-spacer>.elementor-widget-container>.elementor-spacer>.elementor-spacer-inner{height:var(--container-widget-height,var(--spacer-size))}<\/style>\t\t<div class=\"elementor-spacer\">\n\t\t\t<div class=\"elementor-spacer-inner\"><\/div>\n\t\t<\/div>\n\t\t\t\t<\/div>\n\t\t\t\t<\/div>\n\t\t\t\t<div class=\"elementor-element elementor-element-9a2fd55 elementor-widget elementor-widget-heading\" data-id=\"9a2fd55\" data-element_type=\"widget\" data-widget_type=\"heading.default\">\n\t\t\t\t<div class=\"elementor-widget-container\">\n\t\t\t<style>\/*! elementor - v3.7.6 - 15-09-2022 *\/\n.elementor-heading-title{padding:0;margin:0;line-height:1}.elementor-widget-heading .elementor-heading-title[class*=elementor-size-]>a{color:inherit;font-size:inherit;line-height:inherit}.elementor-widget-heading .elementor-heading-title.elementor-size-small{font-size:15px}.elementor-widget-heading .elementor-heading-title.elementor-size-medium{font-size:19px}.elementor-widget-heading .elementor-heading-title.elementor-size-large{font-size:29px}.elementor-widget-heading .elementor-heading-title.elementor-size-xl{font-size:39px}.elementor-widget-heading .elementor-heading-title.elementor-size-xxl{font-size:59px}<\/style><h2 class=\"elementor-heading-title elementor-size-default\">Tko smo mi?<\/h2>\t\t<\/div>\n\t\t\t\t<\/div>\n\t\t\t\t<div class=\"elementor-element elementor-element-e34c7b8 elementor-widget elementor-widget-text-editor\" data-id=\"e34c7b8\" data-element_type=\"widget\" data-widget_type=\"text-editor.default\">\n\t\t\t\t<div class=\"elementor-widget-container\">\n\t\t\t<style>\/*! elementor - v3.7.6 - 15-09-2022 *\/\n.elementor-widget-text-editor.elementor-drop-cap-view-stacked .elementor-drop-cap{background-color:#818a91;color:#fff}.elementor-widget-text-editor.elementor-drop-cap-view-framed .elementor-drop-cap{color:#818a91;border:3px solid;background-color:transparent}.elementor-widget-text-editor:not(.elementor-drop-cap-view-default) .elementor-drop-cap{margin-top:8px}.elementor-widget-text-editor:not(.elementor-drop-cap-view-default) .elementor-drop-cap-letter{width:1em;height:1em}.elementor-widget-text-editor .elementor-drop-cap{float:left;text-align:center;line-height:1;font-size:50px}.elementor-widget-text-editor .elementor-drop-cap-letter{display:inline-block}<\/style>\t\t\t\t<p>Na\u0161a web stranica je <a href=\"https:\/\/svendesign.hr\/en\/\">https:\/\/svendesign.hr\/<\/a><br \/>Vl. Lautizar Nino<br \/>Senari 11, 5222 Labin<br \/>Oib 75675913162<\/p><p>\u00a0<\/p>\t\t\t\t\t\t<\/div>\n\t\t\t\t<\/div>\n\t\t\t\t<div class=\"elementor-element elementor-element-6215c77 elementor-widget elementor-widget-heading\" data-id=\"6215c77\" data-element_type=\"widget\" data-widget_type=\"heading.default\">\n\t\t\t\t<div class=\"elementor-widget-container\">\n\t\t\t<h2 class=\"elementor-heading-title elementor-size-default\">Izjava o privatnosti<\/h2>\t\t<\/div>\n\t\t\t\t<\/div>\n\t\t\t\t<div class=\"elementor-element elementor-element-fe6daab elementor-widget elementor-widget-text-editor\" data-id=\"fe6daab\" data-element_type=\"widget\" data-widget_type=\"text-editor.default\">\n\t\t\t\t<div class=\"elementor-widget-container\">\n\t\t\t\t\t\t\t<p>Ovom izjavom se obvezujemo da \u0107emo za\u0161tititi privatnost korisnika, kupaca i posjetitelja na\u0161e web stranice i sigurnost osobnih podataka koje nam pru\u017eaju putem web stranice.<br>Ova obavijest opisuje vrstu informacija koje mo\u017eemo prikupiti od vas kada posjetite na\u0161u web stranicu i obja\u0161njava kako upotrebljavamo te podatke i korake koje poduzimamo da bismo ih za\u0161titili. Obavijest tako\u0111er opisuje izbore koje imate u vezi s prikupljanjem i kori\u0161tenjem va\u0161ih podataka prilikom posjete na\u0161oj web stranici.<\/p><p><br><\/p>\t\t\t\t\t\t<\/div>\n\t\t\t\t<\/div>\n\t\t\t\t<div class=\"elementor-element elementor-element-89b7ca1 elementor-widget elementor-widget-heading\" data-id=\"89b7ca1\" data-element_type=\"widget\" data-widget_type=\"heading.default\">\n\t\t\t\t<div class=\"elementor-widget-container\">\n\t\t\t<h2 class=\"elementor-heading-title elementor-size-default\">Prihva\u0107anje Op\u0107ih uvjeta<\/h2>\t\t<\/div>\n\t\t\t\t<\/div>\n\t\t\t\t<div class=\"elementor-element elementor-element-ec46abc elementor-widget elementor-widget-text-editor\" data-id=\"ec46abc\" data-element_type=\"widget\" data-widget_type=\"text-editor.default\">\n\t\t\t\t<div class=\"elementor-widget-container\">\n\t\t\t\t\t\t\t<p>Pristupanjem stranicama vinrija-sladic.com ili kori\u0161tenjem bilo kojeg dijela sadr\u017eaja, prihva\u0107ate ove Op\u0107e uvjete kori\u0161tenja vinrija-sladic.com i Op\u0107e uvjete za\u0161tite osobnih podataka (\u201cOp\u0107i uvjeti\u201d), kao i sva ostala pravila i uvjete kori\u0161tenja stranica i sadr\u017eaja na njima.<\/p><p><br><\/p>\t\t\t\t\t\t<\/div>\n\t\t\t\t<\/div>\n\t\t\t\t<div class=\"elementor-element elementor-element-4dc3882 elementor-widget elementor-widget-heading\" data-id=\"4dc3882\" data-element_type=\"widget\" data-widget_type=\"heading.default\">\n\t\t\t\t<div class=\"elementor-widget-container\">\n\t\t\t<h2 class=\"elementor-heading-title elementor-size-default\">Koje informacije prikupljamo o vama i kako ih koristimo?<\/h2>\t\t<\/div>\n\t\t\t\t<\/div>\n\t\t\t\t<div class=\"elementor-element elementor-element-935c628 elementor-widget elementor-widget-text-editor\" data-id=\"935c628\" data-element_type=\"widget\" data-widget_type=\"text-editor.default\">\n\t\t\t\t<div class=\"elementor-widget-container\">\n\t\t\t\t\t\t\t<p>Op\u0107enito, mo\u017eete posjetiti na\u0161u web stranicu bez otkrivanja osobnih podataka o sebi. Ne prikupljamo osobne podatke o vama (kao \u0161to su va\u0161e ime i pojedinosti o kontaktu) kada posjetite ovu web stranicu, osim ako dobrovoljno ne po\u0161aljete podatke pomo\u0107u jednog od dostupnih obrazaca za odre\u0111enu svrhu (kontakt obrazac, registracijski obrazac, obrazac za kupovinu, obrazac za upis na newsletter) i time date va\u0161u privolu na prikupljanje i kori\u0161tenje va\u0161ih osobnih podataka u navedene svrhe. Svi osobni podaci koriste se isklju\u010divo u svrhe radi koje su prikupljeni i za koje je dana privola. Privolu za obradu osobnih podataka mogu dati osobe s navr\u0161enih 16 godina ili vi\u0161e, dok za osobe mla\u0111e od 16 privolu mo\u017ee dati roditelj ili skrbnik. Prikupljene podatke ne\u0107emo ni na koji na\u010din u\u010diniti dostupnima neovla\u0161tenim tre\u0107im osobama, osim u zakonom propisanu svrhu. Svi podaci se bri\u0161u nakon prestanka svrhe za koju su prikupljeni, odnosno prestankom ugovornog odnosa, a najkasnije po isteku svih zakonskih obveza povezanih s \u010duvanjem osobnih podataka.<\/p><p><br><\/p>\t\t\t\t\t\t<\/div>\n\t\t\t\t<\/div>\n\t\t\t\t<div class=\"elementor-element elementor-element-4fa81cf elementor-widget elementor-widget-heading\" data-id=\"4fa81cf\" data-element_type=\"widget\" data-widget_type=\"heading.default\">\n\t\t\t\t<div class=\"elementor-widget-container\">\n\t\t\t<h2 class=\"elementor-heading-title elementor-size-default\">Kori\u0161tenje kola\u010di\u0107a (cookies)<\/h2>\t\t<\/div>\n\t\t\t\t<\/div>\n\t\t\t\t<div class=\"elementor-element elementor-element-dec040a elementor-widget elementor-widget-text-editor\" data-id=\"dec040a\" data-element_type=\"widget\" data-widget_type=\"text-editor.default\">\n\t\t\t\t<div class=\"elementor-widget-container\">\n\t\t\t\t\t\t\t<p>Ova Internet stranica te njezine on-line usluge mogu koristiti kola\u010di\u0107e radi pobolj\u0161anja usluga.<br>Odluka o dopu\u0161tanju kori\u0161tenja kola\u010di\u0107a na Internet stranici u potpunosti je va\u0161a. Treba napomenuti da Internet stranica funkcionira optimalno samo ako je omogu\u0107eno kori\u0161tenje kola\u010di\u0107a.<\/p><p><br><\/p>\t\t\t\t\t\t<\/div>\n\t\t\t\t<\/div>\n\t\t\t\t<div class=\"elementor-element elementor-element-9f5736d elementor-widget elementor-widget-heading\" data-id=\"9f5736d\" data-element_type=\"widget\" data-widget_type=\"heading.default\">\n\t\t\t\t<div class=\"elementor-widget-container\">\n\t\t\t<h2 class=\"elementor-heading-title elementor-size-default\">\u0160to su kola\u010di\u0107i?<\/h2>\t\t<\/div>\n\t\t\t\t<\/div>\n\t\t\t\t<div class=\"elementor-element elementor-element-8601963 elementor-widget elementor-widget-text-editor\" data-id=\"8601963\" data-element_type=\"widget\" data-widget_type=\"text-editor.default\">\n\t\t\t\t<div class=\"elementor-widget-container\">\n\t\t\t\t\t\t\t<p>Kola\u010di\u0107i (cookies) su male datoteke koje Va\u0161 preglednik sprema na disk prilikom posjete na\u0161e Internet stranice. To omogu\u0107uje na\u0161oj web stranici da prepozna Va\u0161e ra\u010dunalo kada nas sljede\u0107i put posjetite, kako bi vam sukladno tome ponudili personalizirano iskustvo prilikom va\u0161eg surfanja. Kola\u010di\u0107i nisu usmjereni na \u0161pijuniranje korisnika i ne slijede sve \u0161to korisnik radi te nisu zlonamjerni kod ili virus. Tako\u0111er kola\u010di\u0107i nisu povezani s ne\u017eeljenim porukama ili spamom, ne mogu spremiti lozinku i nisu namijenjeni isklju\u010divo za reklame ili ogla\u0161avanje. Informacije poput Va\u0161eg imena ili e-mail adrese ne\u0107e biti spremljene \u2013 web stranice ne mogu pristupiti va\u0161im osobnim informacijama i datotekama na Va\u0161em ra\u010dunalu.<br>Da bi \u201ekola\u010di\u0107e\u201c mogli koristiti sukladno Zakonu o elektroni\u010dkim komunikacijama, Zakonu o za\u0161titi osobnih podataka, Direktivama EU 2002\/58\/EZ i 95\/46\/EZ te GDPR direktivi, treba nam va\u0161a privola.<\/p><p><br><\/p>\t\t\t\t\t\t<\/div>\n\t\t\t\t<\/div>\n\t\t\t\t<div class=\"elementor-element elementor-element-eab806a elementor-widget elementor-widget-heading\" data-id=\"eab806a\" data-element_type=\"widget\" data-widget_type=\"heading.default\">\n\t\t\t\t<div class=\"elementor-widget-container\">\n\t\t\t<h2 class=\"elementor-heading-title elementor-size-default\">Google Analytics<\/h2>\t\t<\/div>\n\t\t\t\t<\/div>\n\t\t\t\t<div class=\"elementor-element elementor-element-8c17f64 elementor-widget elementor-widget-text-editor\" data-id=\"8c17f64\" data-element_type=\"widget\" data-widget_type=\"text-editor.default\">\n\t\t\t\t<div class=\"elementor-widget-container\">\n\t\t\t\t\t\t\t<p>Na na\u0161oj internetskoj stranici koristimo Google Analytics, uslugu Web analize tvrtke Google Inc., 1600 Amphitheatre Parkway, Mountain View, CA 94043, Sjedinjene Ameri\u010dke Dr\u017eave (\u201cGoogle\u201d).<br>Google u na\u0161e ime analizira Va\u0161e kori\u0161tenje na\u0161e internetske stranice. U tu svrhu koristimo kola\u010di\u0107e koji su detaljnije opisani u gornjoj tablici. Informacije koje Google prikupi vezane uz Va\u0161e kori\u0161tenje na\u0161e internetske stranice (npr. polazni URL, na\u0161e stranice koje ste posjetili, preglednik koji ste koristili, Va\u0161e postavke jezika, Va\u0161 operacijski sustav, razlu\u010divost Va\u0161eg prikaza) prenose se na Googleov poslu\u017eitelj u SAD-u, gdje se pohranjuju i analiziraju. Nama se stavlja na raspolaganje rezultat u anonimnom obliku. Podaci o Va\u0161em kori\u0161tenju pritom nisu povezani s Va\u0161om punom IP adresom. Na na\u0161oj smo internet stranici aktivirali od Googlea ponu\u0111enu funkciju IP anonimizacije, tako da se zadnjih 8 brojaka (tip Ipv4) odnosno zadnjih 80 brojaka (tip Ipv6) Va\u0161e IP adrese bri\u0161e. Nadalje, Google je certificiran pod EU-SAD \u0160titom privatnosti, koji osigurava da se na obradu podataka od strane Googlea u Americi primjenjuje odgovaraju\u0107a razina za\u0161tite podataka.<\/p><p><br><\/p>\t\t\t\t\t\t<\/div>\n\t\t\t\t<\/div>\n\t\t\t\t<div class=\"elementor-element elementor-element-92d4f56 elementor-widget elementor-widget-heading\" data-id=\"92d4f56\" data-element_type=\"widget\" data-widget_type=\"heading.default\">\n\t\t\t\t<div class=\"elementor-widget-container\">\n\t\t\t<h2 class=\"elementor-heading-title elementor-size-default\">Marketin\u0161ka komunikacija<\/h2>\t\t<\/div>\n\t\t\t\t<\/div>\n\t\t\t\t<div class=\"elementor-element elementor-element-4457ef7 elementor-widget elementor-widget-text-editor\" data-id=\"4457ef7\" data-element_type=\"widget\" data-widget_type=\"text-editor.default\">\n\t\t\t\t<div class=\"elementor-widget-container\">\n\t\t\t\t\t\t\t<p>Kada nam dragovoljno date privolu i svoje podatke za kontakt u svrhu obavljanja marketin\u0161kih djelatnosti, ta komunikacija s vama mo\u017ee obuhva\u0107ati slanje pojedinosti o na\u0161im najnovijim proizvodima i uslugama, nagradama i sl.<\/p><p><br><\/p>\t\t\t\t\t\t<\/div>\n\t\t\t\t<\/div>\n\t\t\t\t<div class=\"elementor-element elementor-element-a73aca4 elementor-widget elementor-widget-heading\" data-id=\"a73aca4\" data-element_type=\"widget\" data-widget_type=\"heading.default\">\n\t\t\t\t<div class=\"elementor-widget-container\">\n\t\t\t<h2 class=\"elementor-heading-title elementor-size-default\">Linkovi<\/h2>\t\t<\/div>\n\t\t\t\t<\/div>\n\t\t\t\t<div class=\"elementor-element elementor-element-ec10dad elementor-widget elementor-widget-text-editor\" data-id=\"ec10dad\" data-element_type=\"widget\" data-widget_type=\"text-editor.default\">\n\t\t\t\t<div class=\"elementor-widget-container\">\n\t\t\t\t\t\t\t<p>Na ovoj internet stranici se mogu nalaziti linkovi na druge internet stranice. Korisnik ih mo\u017ee posjetiti na vlastitu odgovornost. Dizajnerica ne odgovara za sadr\u017eaj na vanjskim internet stranicama.<\/p><p><br><\/p>\t\t\t\t\t\t<\/div>\n\t\t\t\t<\/div>\n\t\t\t\t<div class=\"elementor-element elementor-element-db0c0be elementor-widget elementor-widget-heading\" data-id=\"db0c0be\" data-element_type=\"widget\" data-widget_type=\"heading.default\">\n\t\t\t\t<div class=\"elementor-widget-container\">\n\t\t\t<h2 class=\"elementor-heading-title elementor-size-default\">Uvjeti Kori\u0161tenja<\/h2>\t\t<\/div>\n\t\t\t\t<\/div>\n\t\t\t\t<div class=\"elementor-element elementor-element-29e4da3 elementor-widget elementor-widget-text-editor\" data-id=\"29e4da3\" data-element_type=\"widget\" data-widget_type=\"text-editor.default\">\n\t\t\t\t<div class=\"elementor-widget-container\">\n\t\t\t\t\t\t\t<p>Svako kori\u0161tenje na\u0161e web stranice podlo\u017eno je ni\u017ee navedenim uvjetima i rokovima. Dokumenti objavljeni na ovoj web-stranici smiju se kopirati isklju\u010divo u nekomercijalne svrhe te individualnu upotrebu, uz po\u0161tivanje svih autorskih prava, drugih vlasni\u010dkih prava i svakog navedenog ograni\u010denja prava. Nije dozvoljeno daljnje kopiranje, reproduciranje ili na neki na\u010din distribuiranje bez izri\u010ditog pristanka od na\u0161e strane.<\/p><p>Ulo\u017eiti \u0107emo razuman napor kako bi se na na\u0161oj web-stranici na\u0161li to\u010dni i aktualni podaci, ali ne mo\u017ee biti odgovorno za njihovu to\u010dnost i potpunost. Svi korisnici koji pristupaju stranici te koriste njezin sadr\u017eaj na vlastitu odgovornost. Ne\u0107emo biti odgovoran ni za kakve slu\u010dajne, indirektne, direktne, posljedi\u010dne, ili kaznene \u0161tete nastale iz pristupa, kori\u0161tenja ili nemogu\u0107nosti kori\u0161tenja na\u0161e web-stranice ili zbog bilo koje gre\u0161ke ili nepotpunosti u njezinom sadr\u017eaju.<\/p><p>Nismo odgovorni niti za to\u010dnost niti za bilo koji drugi aspekt takvih informacija i ne preuzima nikakvu odgovornost za takve informacije.<br \/>Imamo pravo izmjene sadr\u017eaja ove web-stranice na bilo koji na\u010din, u bilo kojem trenutku i iz bilo kojeg razloga, i ne\u0107e biti odgovoran ni za kakve mogu\u0107e posljedice proiza\u0161le iz takvih promjena.<\/p><p>Ova web-stranica sadr\u017ei informacije tre\u0107e strane i veze do drugih web-stranica nad kojima nema kontrolu. Kad god je to mogu\u0107e, takve se informacije u skladu s time i ozna\u010davaju.<\/p>\t\t\t\t\t\t<\/div>\n\t\t\t\t<\/div>\n\t\t\t\t<div class=\"elementor-element elementor-element-ee256ce elementor-widget elementor-widget-spacer\" data-id=\"ee256ce\" data-element_type=\"widget\" data-widget_type=\"spacer.default\">\n\t\t\t\t<div class=\"elementor-widget-container\">\n\t\t\t\t\t<div class=\"elementor-spacer\">\n\t\t\t<div class=\"elementor-spacer-inner\"><\/div>\n\t\t<\/div>\n\t\t\t\t<\/div>\n\t\t\t\t<\/div>\n\t\t\t\t\t<\/div>\n\t\t<\/div>\n\t\t\t\t<div class=\"elementor-column elementor-col-33 elementor-top-column elementor-element elementor-element-261d59f\" data-id=\"261d59f\" data-element_type=\"column\">\n\t\t\t<div class=\"elementor-widget-wrap\">\n\t\t\t\t\t\t\t\t\t<\/div>\n\t\t<\/div>\n\t\t\t\t\t\t\t<\/div>\n\t\t<\/section>\n\t\t\t\t<section data-dce-background-color=\"#000000\" class=\"elementor-section elementor-top-section elementor-element elementor-element-b25008f elementor-section-full_width elementor-section-height-min-height elementor-section-height-default elementor-section-items-middle\" data-id=\"b25008f\" data-element_type=\"section\" data-settings=\"{&quot;background_background&quot;:&quot;classic&quot;}\">\n\t\t\t\t\t\t<div class=\"elementor-container elementor-column-gap-default\">\n\t\t\t\t\t<div class=\"elementor-column elementor-col-100 elementor-top-column elementor-element elementor-element-5850ef4\" data-id=\"5850ef4\" data-element_type=\"column\">\n\t\t\t<div class=\"elementor-widget-wrap elementor-element-populated\">\n\t\t\t\t\t\t\t\t<div class=\"elementor-element elementor-element-e142541 elementor-widget elementor-widget-text-editor\" data-id=\"e142541\" data-element_type=\"widget\" data-widget_type=\"text-editor.default\">\n\t\t\t\t<div class=\"elementor-widget-container\">\n\t\t\t\t\t\t\t<p style=\"text-align: center;\"><span style=\"color: #ffffff;\">SvenDesign \u00a9 2022 All Rights Reserved<\/span>\u00a0<span style=\"color: #ff0000;\"><a style=\"color: #ff0000;\" href=\"https:\/\/svendesign.hr\/en\/privatnost\/\" target=\"_blank\" rel=\"noopener\">Privacy Rules<\/a><\/span><\/p>\t\t\t\t\t\t<\/div>\n\t\t\t\t<\/div>\n\t\t\t\t<div class=\"elementor-element elementor-element-8401467 elementor-widget elementor-widget-text-editor\" data-id=\"8401467\" data-element_type=\"widget\" data-widget_type=\"text-editor.default\">\n\t\t\t\t<div class=\"elementor-widget-container\">\n\t\t\t\t\t\t\t<p style=\"text-align: center;\"><span style=\"color: #ffffff;\">Web Dizajn by<\/span>\u00a0<span style=\"color: #ff0000;\"><a style=\"color: #ff0000;\" href=\"https:\/\/svendesign.hr\/en\/\" target=\"_blank\" rel=\"noopener\">SvenDesign<\/a><\/span><\/p>\t\t\t\t\t\t<\/div>\n\t\t\t\t<\/div>\n\t\t\t\t\t<\/div>\n\t\t<\/div>\n\t\t\t\t\t\t\t<\/div>\n\t\t<\/section>\n\t\t\t\t\t\t\t<\/div>","protected":false},"excerpt":{"rendered":"<p>Tko smo mi? Na\u0161a web stranica je https:\/\/svendesign.hr\/Vl. Lautizar NinoSenari 11, 5222 LabinOib 75675913162 \u00a0 Izjava o privatnosti Ovom izjavom se obvezujemo da \u0107emo za\u0161tititi privatnost korisnika, kupaca i posjetitelja na\u0161e web stranice i sigurnost osobnih podataka koje nam pru\u017eaju putem web stranice.Ova obavijest opisuje vrstu informacija koje mo\u017eemo prikupiti od vas kada posjetite na\u0161u [&hellip;]<\/p>","protected":false},"author":1,"featured_media":0,"parent":0,"menu_order":0,"comment_status":"closed","ping_status":"closed","template":"","meta":{"_monsterinsights_skip_tracking":false,"_monsterinsights_sitenote_active":false,"_monsterinsights_sitenote_note":"","_monsterinsights_sitenote_category":0},"_links":{"self":[{"href":"https:\/\/svendesign.hr\/en\/wp-json\/wp\/v2\/pages\/2316"}],"collection":[{"href":"https:\/\/svendesign.hr\/en\/wp-json\/wp\/v2\/pages"}],"about":[{"href":"https:\/\/svendesign.hr\/en\/wp-json\/wp\/v2\/types\/page"}],"author":[{"embeddable":true,"href":"https:\/\/svendesign.hr\/en\/wp-json\/wp\/v2\/users\/1"}],"replies":[{"embeddable":true,"href":"https:\/\/svendesign.hr\/en\/wp-json\/wp\/v2\/comments?post=2316"}],"version-history":[{"count":10,"href":"https:\/\/svendesign.hr\/en\/wp-json\/wp\/v2\/pages\/2316\/revisions"}],"predecessor-version":[{"id":3708,"href":"https:\/\/svendesign.hr\/en\/wp-json\/wp\/v2\/pages\/2316\/revisions\/3708"}],"wp:attachment":[{"href":"https:\/\/svendesign.hr\/en\/wp-json\/wp\/v2\/media?parent=2316"}],"curies":[{"name":"wp","href":"https:\/\/api.w.org\/{rel}","templated":true}]}}